{"id":348,"date":"2020-09-18T17:58:05","date_gmt":"2020-09-18T20:58:05","guid":{"rendered":"http:\/\/www.mulheressocialistas.org.br\/campanha2020\/?page_id=348"},"modified":"2022-02-14T17:46:46","modified_gmt":"2022-02-14T20:46:46","slug":"politicas-publicas-de-genero-para-gestoes-socialistas","status":"publish","type":"page","link":"https:\/\/www.mulheressocialistas.org.br\/campanha2020\/politicas-publicas-de-genero-para-gestoes-socialistas\/","title":{"rendered":"POL\u00cdTICAS P\u00daBLICAS DE G\u00caNERO PARA GEST\u00d5ES SOCIALISTAS"},"content":{"rendered":"<p>[vc_row full_width=&#8221;stretch_row&#8221; content_placement=&#8221;middle&#8221; bg_type=&#8221;image&#8221; parallax_style=&#8221;vcpb-default&#8221; bg_image_new=&#8221;id^400|url^http:\/\/www.mulheressocialistas.org.br\/campanha2020\/wp-content\/uploads\/2020\/09\/Banner-p\u00e1gina-06.jpg|caption^null|alt^null|title^Banner p\u00e1gina 06|description^null&#8221; bg_image_repeat=&#8221;no-repeat&#8221; bg_override=&#8221;full&#8221; css=&#8221;.vc_custom_1600539648951{background-position: center !important;background-repeat: no-repeat !important;background-size: cover !important;}&#8221;][vc_column][vc_single_image image=&#8221;398&#8243; img_size=&#8221;full&#8221; alignment=&#8221;center&#8221; css=&#8221;.vc_custom_1600539892236{padding-top: 5% !important;padding-bottom: 5% !important;}&#8221;][\/vc_column][\/vc_row][vc_row][vc_column css=&#8221;.vc_custom_1601403776211{padding-bottom: 15px !important;}&#8221;]<div class=\"dt-fancy-separator h1-size style-disabled\" style=\"width: 100%;\"><div class=\"dt-fancy-title\" style=\"color: #8b3181;\"><span class=\"separator-holder separator-left\"><\/span>Sum\u00e1rio<span class=\"separator-holder separator-right\"><\/span><\/div><\/div>[\/vc_column][\/vc_row][vc_row][vc_column width=&#8221;1\/6&#8243;][\/vc_column][vc_column width=&#8221;2\/3&#8243;][vc_column_text]<\/p>\n<div class=\"corpo\">\n<p align=\"center\"><iframe loading=\"lazy\" src=\"https:\/\/app.iptvmax.com\/s\/embed.aspx?v=AAAD6EI4S4\" width=\"682\" height=\"430\" frameborder=\"0\" scrolling=\"no\" allowfullscreen=\"allowfullscreen\"><\/iframe><\/p>\n<\/div>\n<p>[\/vc_column_text][vc_column_text]<\/p>\n<h6 style=\"text-align: center;\"><strong>Ouvir o \u00e1udio<\/strong><\/h6>\n<!--[if lt IE 9]><script>document.createElement('audio');<\/script><![endif]-->\n<audio class=\"wp-audio-shortcode\" id=\"audio-348-1\" preload=\"none\" style=\"width: 100%;\" controls=\"controls\"><source type=\"audio\/mpeg\" src=\"http:\/\/www.mulheressocialistas.org.br\/campanha2020\/wp-content\/uploads\/2020\/10\/Sumario_Cristina-Buarque_1_1.mp3?_=1\" \/><a href=\"http:\/\/www.mulheressocialistas.org.br\/campanha2020\/wp-content\/uploads\/2020\/10\/Sumario_Cristina-Buarque_1_1.mp3\">http:\/\/www.mulheressocialistas.org.br\/campanha2020\/wp-content\/uploads\/2020\/10\/Sumario_Cristina-Buarque_1_1.mp3<\/a><\/audio>\n<p>[\/vc_column_text][vc_btn title=&#8221;Clique para baixar o \u00e1udio&#8221; style=&#8221;flat&#8221; color=&#8221;violet&#8221; align=&#8221;center&#8221; link=&#8221;url:http%3A%2F%2Fwww.mulheressocialistas.org.br%2Fcampanha2020%2Faudios%2FSumario_Cristina%20Buarque_1_1.mp3|title:baixe|target:%20_blank|&#8221;][\/vc_column][vc_column width=&#8221;1\/6&#8243;][\/vc_column][\/vc_row][vc_row][vc_column][vc_empty_space][\/vc_column][\/vc_row][vc_row][vc_column css=&#8221;.vc_custom_1601403776211{padding-bottom: 15px !important;}&#8221;]<div class=\"dt-fancy-separator h1-size style-disabled\" style=\"width: 100%;\"><div class=\"dt-fancy-title\" style=\"color: #8b3181;\"><span class=\"separator-holder separator-left\"><\/span>1. Por que precisamos de pol\u00edticas p\u00fablicas espec\u00edficas para mulheres?<span class=\"separator-holder separator-right\"><\/span><\/div><\/div>[\/vc_column][\/vc_row][vc_row][vc_column width=&#8221;1\/6&#8243;][\/vc_column][vc_column width=&#8221;2\/3&#8243;][vc_column_text]<\/p>\n<div class=\"corpo\">\n<p align=\"center\"><iframe loading=\"lazy\" src=\"https:\/\/app.iptvmax.com\/s\/embed.aspx?v=10RLJ2NVKN\" width=\"682\" height=\"430\" frameborder=\"0\" scrolling=\"no\" allowfullscreen=\"allowfullscreen\"><\/iframe><\/p>\n<\/div>\n<p>[\/vc_column_text][vc_column_text]<\/p>\n<h6 style=\"text-align: center;\"><strong>Ouvir o \u00e1udio<\/strong><\/h6>\n<audio class=\"wp-audio-shortcode\" id=\"audio-348-2\" preload=\"none\" style=\"width: 100%;\" controls=\"controls\"><source type=\"audio\/mpeg\" src=\"http:\/\/www.mulheressocialistas.org.br\/campanha2020\/wp-content\/uploads\/2020\/10\/Sumario_Cristina-Buarque_1_1.mp3?_=2\" \/><a href=\"http:\/\/www.mulheressocialistas.org.br\/campanha2020\/wp-content\/uploads\/2020\/10\/Sumario_Cristina-Buarque_1_1.mp3\">http:\/\/www.mulheressocialistas.org.br\/campanha2020\/wp-content\/uploads\/2020\/10\/Sumario_Cristina-Buarque_1_1.mp3<\/a><\/audio>\n<p>[\/vc_column_text][vc_btn title=&#8221;Clique para baixar o \u00e1udio&#8221; style=&#8221;flat&#8221; color=&#8221;violet&#8221; align=&#8221;center&#8221; link=&#8221;url:http%3A%2F%2Fwww.mulheressocialistas.org.br%2Fcampanha2020%2Faudios%2FPor%20que%20precisamos%20de%20pol%C3%ADticas%20p%C3%BAblicas%20espec%C3%ADficas%20para%20mulheres_Cristina%20Buarque_1_1.mp3|title:baixe|target:%20_blank|&#8221;][\/vc_column][vc_column width=&#8221;1\/6&#8243;][\/vc_column][\/vc_row][vc_row][vc_column][vc_empty_space][\/vc_column][\/vc_row][vc_row][vc_column css=&#8221;.vc_custom_1601403776211{padding-bottom: 15px !important;}&#8221;]<div class=\"dt-fancy-separator h1-size style-disabled\" style=\"width: 100%;\"><div class=\"dt-fancy-title\" style=\"color: #8b3181;\"><span class=\"separator-holder separator-left\"><\/span>2. Que dimens\u00f5es da vida precisam ser amparadas por pol\u00edticas p\u00fablicas?<span class=\"separator-holder separator-right\"><\/span><\/div><\/div>[\/vc_column][\/vc_row][vc_row][vc_column width=&#8221;1\/6&#8243;][\/vc_column][vc_column width=&#8221;2\/3&#8243;][vc_column_text]<\/p>\n<div class=\"corpo\">\n<p align=\"center\"><iframe loading=\"lazy\" src=\"https:\/\/app.iptvmax.com\/s\/embed?v=XH5O6LGXQG\" width=\"682\" height=\"430\" frameborder=\"0\" scrolling=\"no\" allowfullscreen=\"allowfullscreen\"><\/iframe><\/p>\n<\/div>\n<p>[\/vc_column_text][vc_column_text]<\/p>\n<h6 style=\"text-align: center;\"><strong>Ouvir o \u00e1udio<\/strong><\/h6>\n<audio class=\"wp-audio-shortcode\" id=\"audio-348-3\" preload=\"none\" style=\"width: 100%;\" controls=\"controls\"><source type=\"audio\/mpeg\" src=\"http:\/\/www.mulheressocialistas.org.br\/campanha2020\/wp-content\/uploads\/2020\/10\/Que-dimensoes-da-vida-precisam-ser-amparadas-por-politicas-publicas_Cristina-Buarque1_1.mp3?_=3\" \/><a href=\"http:\/\/www.mulheressocialistas.org.br\/campanha2020\/wp-content\/uploads\/2020\/10\/Que-dimensoes-da-vida-precisam-ser-amparadas-por-politicas-publicas_Cristina-Buarque1_1.mp3\">http:\/\/www.mulheressocialistas.org.br\/campanha2020\/wp-content\/uploads\/2020\/10\/Que-dimensoes-da-vida-precisam-ser-amparadas-por-politicas-publicas_Cristina-Buarque1_1.mp3<\/a><\/audio>\n<p>[\/vc_column_text][vc_btn title=&#8221;Clique para baixar o \u00e1udio&#8221; style=&#8221;flat&#8221; color=&#8221;violet&#8221; align=&#8221;center&#8221; link=&#8221;url:http%3A%2F%2Fwww.mulheressocialistas.org.br%2Fcampanha2020%2Faudios%2FQue%20dimensoes%20da%20vida%20precisam%20ser%20amparadas%20por%20politicas%20publicas_Cristina%20Buarque1_1.mp3|title:baixe|target:%20_blank|&#8221;][\/vc_column][vc_column width=&#8221;1\/6&#8243;][\/vc_column][\/vc_row][vc_row][vc_column][vc_empty_space][\/vc_column][\/vc_row][vc_row][vc_column css=&#8221;.vc_custom_1601403776211{padding-bottom: 15px !important;}&#8221;]<div class=\"dt-fancy-separator h1-size style-disabled\" style=\"width: 100%;\"><div class=\"dt-fancy-title\" style=\"color: #8b3181;\"><span class=\"separator-holder separator-left\"><\/span>3. Estado e munic\u00edpio como vetores de pol\u00edticas de g\u00eanero: possibilidade de transforma\u00e7\u00e3o<span class=\"separator-holder separator-right\"><\/span><\/div><\/div>[\/vc_column][\/vc_row][vc_row][vc_column width=&#8221;1\/6&#8243;][\/vc_column][vc_column width=&#8221;2\/3&#8243;][vc_column_text]<\/p>\n<div class=\"corpo\">\n<p align=\"center\"><iframe loading=\"lazy\" src=\"https:\/\/app.iptvmax.com\/s\/embed?v=7ZXYRIDVFB\" width=\"682\" height=\"430\" frameborder=\"0\" scrolling=\"no\" allowfullscreen=\"allowfullscreen\"><\/iframe><\/p>\n<\/div>\n<p>[\/vc_column_text][vc_column_text]<\/p>\n<h6 style=\"text-align: center;\"><strong>Ouvir o \u00e1udio<\/strong><\/h6>\n<audio class=\"wp-audio-shortcode\" id=\"audio-348-4\" preload=\"none\" style=\"width: 100%;\" controls=\"controls\"><source type=\"audio\/mpeg\" src=\"http:\/\/www.mulheressocialistas.org.br\/campanha2020\/wp-content\/uploads\/2020\/10\/Estado-e-municipio-como-vetores-de-polticas-de-genero_Cristina-Buarque_1_1.mp3?_=4\" \/><a href=\"http:\/\/www.mulheressocialistas.org.br\/campanha2020\/wp-content\/uploads\/2020\/10\/Estado-e-municipio-como-vetores-de-polticas-de-genero_Cristina-Buarque_1_1.mp3\">http:\/\/www.mulheressocialistas.org.br\/campanha2020\/wp-content\/uploads\/2020\/10\/Estado-e-municipio-como-vetores-de-polticas-de-genero_Cristina-Buarque_1_1.mp3<\/a><\/audio>\n<p>[\/vc_column_text][vc_btn title=&#8221;Clique para baixar o \u00e1udio&#8221; style=&#8221;flat&#8221; color=&#8221;violet&#8221; align=&#8221;center&#8221; link=&#8221;url:http%3A%2F%2Fwww.mulheressocialistas.org.br%2Fcampanha2020%2Faudios%2FEstado%20e%20municipio%20como%20vetores%20de%20polticas%20de%20genero_Cristina%20Buarque_1_1.mp3|title:baixe|target:%20_blank|&#8221;][\/vc_column][vc_column width=&#8221;1\/6&#8243;][\/vc_column][\/vc_row][vc_row][vc_column][vc_empty_space][\/vc_column][\/vc_row][vc_row][vc_column css=&#8221;.vc_custom_1601403776211{padding-bottom: 15px !important;}&#8221;]<div class=\"dt-fancy-separator h1-size style-disabled\" style=\"width: 100%;\"><div class=\"dt-fancy-title\" style=\"color: #8b3181;\"><span class=\"separator-holder separator-left\"><\/span>4. Guia e propostas efetivas para gest\u00f5es do PSB - 10 itens para pol\u00edticas p\u00fablicas de igualdade.<span class=\"separator-holder separator-right\"><\/span><\/div><\/div>[\/vc_column][\/vc_row][vc_row][vc_column width=&#8221;1\/6&#8243;][\/vc_column][vc_column width=&#8221;2\/3&#8243;][vc_column_text]<\/p>\n<div class=\"corpo\">\n<p align=\"center\"><iframe loading=\"lazy\" src=\"https:\/\/app.iptvmax.com\/s\/embed?v=PDWQ4ABX8K\" width=\"682\" height=\"430\" frameborder=\"0\" scrolling=\"no\" allowfullscreen=\"allowfullscreen\"><\/iframe><\/p>\n<\/div>\n<p>[\/vc_column_text][vc_column_text]<\/p>\n<h6 style=\"text-align: center;\"><strong>Ouvir o \u00e1udio<\/strong><\/h6>\n<audio class=\"wp-audio-shortcode\" id=\"audio-348-5\" preload=\"none\" style=\"width: 100%;\" controls=\"controls\"><source type=\"audio\/mpeg\" src=\"http:\/\/www.mulheressocialistas.org.br\/campanha2020\/wp-content\/uploads\/2020\/10\/Guia-e-propostas-efetivas-para-gestoes-do-PSB_Cristina-Buarque_1_1.mp3?_=5\" \/><a href=\"http:\/\/www.mulheressocialistas.org.br\/campanha2020\/wp-content\/uploads\/2020\/10\/Guia-e-propostas-efetivas-para-gestoes-do-PSB_Cristina-Buarque_1_1.mp3\">http:\/\/www.mulheressocialistas.org.br\/campanha2020\/wp-content\/uploads\/2020\/10\/Guia-e-propostas-efetivas-para-gestoes-do-PSB_Cristina-Buarque_1_1.mp3<\/a><\/audio>\n<p>[\/vc_column_text][vc_btn title=&#8221;Clique para baixar o \u00e1udio&#8221; style=&#8221;flat&#8221; color=&#8221;violet&#8221; align=&#8221;center&#8221; link=&#8221;url:http%3A%2F%2Fwww.mulheressocialistas.org.br%2Fcampanha2020%2Faudios%2FGuia%20e%20propostas%20efetivas%20para%20gestoes%20do%20PSB_Cristina%20Buarque_1_1.mp3|title:baixe|target:%20_blank|&#8221;][\/vc_column][vc_column width=&#8221;1\/6&#8243;][\/vc_column][\/vc_row][vc_row][vc_column][vc_empty_space][\/vc_column][\/vc_row][vc_row][vc_column css=&#8221;.vc_custom_1601476638447{padding-bottom: 25px !important;}&#8221;]<div class=\"dt-fancy-separator h1-size style-disabled\" style=\"width: 100%;\"><div class=\"dt-fancy-title\" style=\"color: #8b3181;\"><span class=\"separator-holder separator-left\"><\/span>Material de Apoio<span class=\"separator-holder separator-right\"><\/span><\/div><\/div>[\/vc_column][\/vc_row][vc_row][vc_column width=&#8221;1\/6&#8243;][\/vc_column][vc_column width=&#8221;1\/6&#8243;][\/vc_column][vc_column width=&#8221;1\/6&#8243;][vc_single_image image=&#8221;926&#8243; img_size=&#8221;medium&#8221; alignment=&#8221;center&#8221; onclick=&#8221;custom_link&#8221; img_link_target=&#8221;_blank&#8221; link=&#8221;http:\/\/www.mulheressocialistas.org.br\/campanha2020\/wp-content\/uploads\/2020\/10\/SNM-Books-POL\u00cdTICAS-P\u00daBLICAS-DE-G\u00caNERO-PARA-GEST\u00d5ES-SOCIALISTAS.pdf&#8221;][\/vc_column][vc_column width=&#8221;1\/6&#8243;][\/vc_column][vc_column width=&#8221;1\/6&#8243;][\/vc_column][vc_column width=&#8221;1\/6&#8243;][\/vc_column][\/vc_row][vc_column][vc_empty_space height=&#8221;15px&#8221;][\/vc_column][vc_column][vc_empty_space height=&#8221;15px&#8221;][\/vc_column]<\/p>\n","protected":false},"excerpt":{"rendered":"<p>[vc_row full_width=&#8221;stretch_row&#8221; content_placement=&#8221;middle&#8221; bg_type=&#8221;image&#8221; parallax_style=&#8221;vcpb-default&#8221; bg_image_new=&#8221;id^400|url^http:\/\/www.mulheressocialistas.org.br\/campanha2020\/wp-content\/uploads\/2020\/09\/Banner-p\u00e1gina-06.jpg|caption^null|alt^null|title^Banner p\u00e1gina 06|description^null&#8221; bg_image_repeat=&#8221;no-repeat&#8221; bg_override=&#8221;full&#8221; css=&#8221;.vc_custom_1600539648951{background-position: center !important;background-repeat: no-repeat !important;background-size: cover !important;}&#8221;][vc_column][vc_single_image image=&#8221;398&#8243; img_size=&#8221;full&#8221; alignment=&#8221;center&#8221; css=&#8221;.vc_custom_1600539892236{padding-top: 5% !important;padding-bottom: 5% !important;}&#8221;][\/vc_column][\/vc_row][vc_row][vc_column css=&#8221;.vc_custom_1601403776211{padding-bottom: 15px !important;}&#8221;][\/vc_column][\/vc_row][vc_row][vc_column width=&#8221;1\/6&#8243;][\/vc_column][vc_column width=&#8221;2\/3&#8243;][vc_column_text] [\/vc_column_text][vc_column_text] Ouvir o \u00e1udio [\/vc_column_text][vc_btn title=&#8221;Clique para baixar o \u00e1udio&#8221; style=&#8221;flat&#8221; color=&#8221;violet&#8221; align=&#8221;center&#8221; link=&#8221;url:http%3A%2F%2Fwww.mulheressocialistas.org.br%2Fcampanha2020%2Faudios%2FSumario_Cristina%20Buarque_1_1.mp3|title:baixe|target:%20_blank|&#8221;][\/vc_column][vc_column width=&#8221;1\/6&#8243;][\/vc_column][\/vc_row][vc_row][vc_column][vc_empty_space][\/vc_column][\/vc_row][vc_row][vc_column css=&#8221;.vc_custom_1601403776211{padding-bottom: 15px !important;}&#8221;][\/vc_column][\/vc_row][vc_row][vc_column width=&#8221;1\/6&#8243;][\/vc_column][vc_column width=&#8221;2\/3&#8243;][vc_column_text] [\/vc_column_text][vc_column_text] Ouvir o \u00e1udio [\/vc_column_text][vc_btn&hellip;<\/p>\n","protected":false},"author":1,"featured_media":0,"parent":0,"menu_order":0,"comment_status":"closed","ping_status":"closed","template":"","meta":{"episode_type":"","audio_file":"","cover_image":"","cover_image_id":"","duration":"","filesize":"","date_recorded":"","explicit":"","block":"","filesize_raw":""},"_links":{"self":[{"href":"https:\/\/www.mulheressocialistas.org.br\/campanha2020\/wp-json\/wp\/v2\/pages\/348"}],"collection":[{"href":"https:\/\/www.mulheressocialistas.org.br\/campanha2020\/wp-json\/wp\/v2\/pages"}],"about":[{"href":"https:\/\/www.mulheressocialistas.org.br\/campanha2020\/wp-json\/wp\/v2\/types\/page"}],"author":[{"embeddable":true,"href":"https:\/\/www.mulheressocialistas.org.br\/campanha2020\/wp-json\/wp\/v2\/users\/1"}],"replies":[{"embeddable":true,"href":"https:\/\/www.mulheressocialistas.org.br\/campanha2020\/wp-json\/wp\/v2\/comments?post=348"}],"version-history":[{"count":17,"href":"https:\/\/www.mulheressocialistas.org.br\/campanha2020\/wp-json\/wp\/v2\/pages\/348\/revisions"}],"predecessor-version":[{"id":1012,"href":"https:\/\/www.mulheressocialistas.org.br\/campanha2020\/wp-json\/wp\/v2\/pages\/348\/revisions\/1012"}],"wp:attachment":[{"href":"https:\/\/www.mulheressocialistas.org.br\/campanha2020\/wp-json\/wp\/v2\/media?parent=348"}],"curies":[{"name":"wp","href":"https:\/\/api.w.org\/{rel}","templated":true}]}}