{"id":346,"date":"2020-09-18T17:57:08","date_gmt":"2020-09-18T20:57:08","guid":{"rendered":"http:\/\/www.mulheressocialistas.org.br\/campanha2020\/?page_id=346"},"modified":"2022-02-14T17:45:36","modified_gmt":"2022-02-14T20:45:36","slug":"media-training","status":"publish","type":"page","link":"https:\/\/www.mulheressocialistas.org.br\/campanha2020\/media-training\/","title":{"rendered":"MEDIA TRAINING"},"content":{"rendered":"<p>[vc_row full_width=&#8221;stretch_row&#8221; content_placement=&#8221;middle&#8221; bg_type=&#8221;image&#8221; parallax_style=&#8221;vcpb-default&#8221; bg_image_new=&#8221;id^395|url^http:\/\/www.mulheressocialistas.org.br\/campanha2020\/wp-content\/uploads\/2020\/09\/Banner-p\u00e1gina-05.jpg|caption^null|alt^null|title^Banner p\u00e1gina 05|description^null&#8221; bg_image_repeat=&#8221;no-repeat&#8221; bg_override=&#8221;full&#8221; css=&#8221;.vc_custom_1600538878688{background-position: center !important;background-repeat: no-repeat !important;background-size: cover !important;}&#8221;][vc_column][vc_single_image image=&#8221;394&#8243; img_size=&#8221;full&#8221; alignment=&#8221;center&#8221; css=&#8221;.vc_custom_1600539791318{padding-top: 10% !important;padding-bottom: 10% !important;}&#8221;][\/vc_column][\/vc_row][vc_row][vc_column css=&#8221;.vc_custom_1601403776211{padding-bottom: 15px !important;}&#8221;]<div class=\"dt-fancy-separator h1-size style-disabled\" style=\"width: 100%;\"><div class=\"dt-fancy-title\" style=\"color: #8b3181;\"><span class=\"separator-holder separator-left\"><\/span>1. Discurso e orat\u00f3ria<span class=\"separator-holder separator-right\"><\/span><\/div><\/div>[\/vc_column][\/vc_row][vc_row][vc_column width=&#8221;1\/6&#8243;][\/vc_column][vc_column width=&#8221;2\/3&#8243;][vc_column_text]<\/p>\n<div class=\"corpo\">\n<p align=\"center\"><iframe loading=\"lazy\" src=\"https:\/\/app.iptvmax.com\/s\/embed?v=LTQGT9W94B\" width=\"682\" height=\"430\" frameborder=\"0\" scrolling=\"no\" allowfullscreen=\"allowfullscreen\"><\/iframe><\/p>\n<\/div>\n<p>[\/vc_column_text][vc_column_text]<\/p>\n<h6 style=\"text-align: center;\"><strong>Ouvir o \u00e1udio<\/strong><\/h6>\n<!--[if lt IE 9]><script>document.createElement('audio');<\/script><![endif]-->\n<audio class=\"wp-audio-shortcode\" id=\"audio-346-1\" preload=\"none\" style=\"width: 100%;\" controls=\"controls\"><source type=\"audio\/mpeg\" src=\"http:\/\/www.mulheressocialistas.org.br\/campanha2020\/wp-content\/uploads\/2020\/10\/Discurso-e-oratoria_-Luciana-Panke_1.mp3?_=1\" \/><a href=\"http:\/\/www.mulheressocialistas.org.br\/campanha2020\/wp-content\/uploads\/2020\/10\/Discurso-e-oratoria_-Luciana-Panke_1.mp3\">http:\/\/www.mulheressocialistas.org.br\/campanha2020\/wp-content\/uploads\/2020\/10\/Discurso-e-oratoria_-Luciana-Panke_1.mp3<\/a><\/audio>\n<p>[\/vc_column_text][vc_btn title=&#8221;Clique para baixar o \u00e1udio&#8221; style=&#8221;flat&#8221; color=&#8221;violet&#8221; align=&#8221;center&#8221; link=&#8221;url:http%3A%2F%2Fwww.mulheressocialistas.org.br%2Fcampanha2020%2Faudios%2FDiscurso%20e%20oratoria_%20Luciana%20Panke_1.mp3|title:baixe|target:%20_blank|&#8221;][\/vc_column][vc_column width=&#8221;1\/6&#8243;][\/vc_column][\/vc_row][vc_row][vc_column][vc_empty_space][\/vc_column][\/vc_row][vc_row][vc_column css=&#8221;.vc_custom_1601403776211{padding-bottom: 15px !important;}&#8221;]<div class=\"dt-fancy-separator h1-size style-disabled\" style=\"width: 100%;\"><div class=\"dt-fancy-title\" style=\"color: #8b3181;\"><span class=\"separator-holder separator-left\"><\/span>2. Rela\u00e7\u00f5es com a imprensa<span class=\"separator-holder separator-right\"><\/span><\/div><\/div>[\/vc_column][\/vc_row][vc_row][vc_column width=&#8221;1\/6&#8243;][\/vc_column][vc_column width=&#8221;2\/3&#8243;][vc_column_text]<\/p>\n<div class=\"corpo\">\n<p align=\"center\"><iframe loading=\"lazy\" src=\"https:\/\/app.iptvmax.com\/s\/embed?v=QLRFKCBXYI\" width=\"682\" height=\"430\" frameborder=\"0\" scrolling=\"no\" allowfullscreen=\"allowfullscreen\"><\/iframe><\/p>\n<\/div>\n<p>[\/vc_column_text][vc_column_text]<\/p>\n<h6 style=\"text-align: center;\"><strong>Ouvir o \u00e1udio<\/strong><\/h6>\n<audio class=\"wp-audio-shortcode\" id=\"audio-346-2\" preload=\"none\" style=\"width: 100%;\" controls=\"controls\"><source type=\"audio\/mpeg\" src=\"http:\/\/www.mulheressocialistas.org.br\/campanha2020\/wp-content\/uploads\/2020\/10\/Discurso-e-oratoria_-Luciana-Panke_1.mp3?_=2\" \/><a href=\"http:\/\/www.mulheressocialistas.org.br\/campanha2020\/wp-content\/uploads\/2020\/10\/Discurso-e-oratoria_-Luciana-Panke_1.mp3\">http:\/\/www.mulheressocialistas.org.br\/campanha2020\/wp-content\/uploads\/2020\/10\/Discurso-e-oratoria_-Luciana-Panke_1.mp3<\/a><\/audio>\n<p>[\/vc_column_text][vc_btn title=&#8221;Clique para baixar o \u00e1udio&#8221; style=&#8221;flat&#8221; color=&#8221;violet&#8221; align=&#8221;center&#8221; link=&#8221;url:http%3A%2F%2Fwww.mulheressocialistas.org.br%2Fcampanha2020%2Faudios%2FDiscurso%20e%20oratoria_%20Luciana%20Panke_1.mp3|title:baixe|target:%20_blank|&#8221;][\/vc_column][vc_column width=&#8221;1\/6&#8243;][\/vc_column][\/vc_row][vc_row][vc_column][vc_empty_space][\/vc_column][\/vc_row][vc_row disable_element=&#8221;yes&#8221;][vc_column css=&#8221;.vc_custom_1601403776211{padding-bottom: 15px !important;}&#8221;]<div class=\"dt-fancy-separator h1-size style-disabled\" style=\"width: 100%;\"><div class=\"dt-fancy-title\" style=\"color: #8b3181;\"><span class=\"separator-holder separator-left\"><\/span>03. O que s\u00e3o redes? Redes sociais, digitais e anal\u00f3gicas<span class=\"separator-holder separator-right\"><\/span><\/div><\/div>[\/vc_column][\/vc_row][vc_row disable_element=&#8221;yes&#8221;][vc_column width=&#8221;1\/6&#8243;][\/vc_column][vc_column width=&#8221;2\/3&#8243;][vc_column_text]<\/p>\n<div class=\"corpo\">\n<p align=\"center\"><iframe loading=\"lazy\" src=\"https:\/\/app.iptvmax.com\/s\/embed?v=76R56G0F6T\" width=\"682\" height=\"430\" frameborder=\"0\" scrolling=\"no\" allowfullscreen=\"allowfullscreen\"><\/iframe><\/p>\n<\/div>\n<p>[\/vc_column_text][\/vc_column][vc_column width=&#8221;1\/6&#8243;][\/vc_column][\/vc_row][vc_row][vc_column][\/vc_column][\/vc_row][vc_column][vc_empty_space height=&#8221;15px&#8221;][\/vc_column][vc_column][vc_empty_space height=&#8221;15px&#8221;][\/vc_column][vc_row][vc_column css=&#8221;.vc_custom_1601476638447{padding-bottom: 25px !important;}&#8221;]<div class=\"dt-fancy-separator h1-size style-disabled\" style=\"width: 100%;\"><div class=\"dt-fancy-title\" style=\"color: #8b3181;\"><span class=\"separator-holder separator-left\"><\/span>Material de Apoio<span class=\"separator-holder separator-right\"><\/span><\/div><\/div>[\/vc_column][\/vc_row][vc_row][vc_column width=&#8221;1\/6&#8243;][\/vc_column][vc_column width=&#8221;1\/6&#8243;][\/vc_column][vc_column width=&#8221;1\/6&#8243;][vc_single_image image=&#8221;787&#8243; img_size=&#8221;medium&#8221; alignment=&#8221;center&#8221; onclick=&#8221;custom_link&#8221; img_link_target=&#8221;_blank&#8221; link=&#8221;http:\/\/www.mulheressocialistas.org.br\/campanha2020\/wp-content\/uploads\/2020\/09\/SNM-Books-005.pdf&#8221;][\/vc_column][vc_column width=&#8221;1\/6&#8243;][vc_single_image image=&#8221;821&#8243; img_size=&#8221;medium&#8221; alignment=&#8221;center&#8221; onclick=&#8221;custom_link&#8221; img_link_target=&#8221;_blank&#8221; link=&#8221;http:\/\/www.mulheressocialistas.org.br\/campanha2020\/wp-content\/uploads\/2020\/10\/M5-Ret\u00f3rica-e-Teoria-da-Argumenta\u00e7\u00e3o-texto-de-apoio.pdf&#8221;][\/vc_column][vc_column width=&#8221;1\/6&#8243;][\/vc_column][vc_column width=&#8221;1\/6&#8243;][\/vc_column][\/vc_row][vc_row][vc_column][\/vc_column][\/vc_row][vc_column][vc_empty_space height=&#8221;15px&#8221;][\/vc_column]<\/p>\n","protected":false},"excerpt":{"rendered":"<p>[vc_row full_width=&#8221;stretch_row&#8221; content_placement=&#8221;middle&#8221; bg_type=&#8221;image&#8221; parallax_style=&#8221;vcpb-default&#8221; bg_image_new=&#8221;id^395|url^http:\/\/www.mulheressocialistas.org.br\/campanha2020\/wp-content\/uploads\/2020\/09\/Banner-p\u00e1gina-05.jpg|caption^null|alt^null|title^Banner p\u00e1gina 05|description^null&#8221; bg_image_repeat=&#8221;no-repeat&#8221; bg_override=&#8221;full&#8221; css=&#8221;.vc_custom_1600538878688{background-position: center !important;background-repeat: no-repeat !important;background-size: cover !important;}&#8221;][vc_column][vc_single_image image=&#8221;394&#8243; img_size=&#8221;full&#8221; alignment=&#8221;center&#8221; css=&#8221;.vc_custom_1600539791318{padding-top: 10% !important;padding-bottom: 10% !important;}&#8221;][\/vc_column][\/vc_row][vc_row][vc_column css=&#8221;.vc_custom_1601403776211{padding-bottom: 15px !important;}&#8221;][\/vc_column][\/vc_row][vc_row][vc_column width=&#8221;1\/6&#8243;][\/vc_column][vc_column width=&#8221;2\/3&#8243;][vc_column_text] [\/vc_column_text][vc_column_text] Ouvir o \u00e1udio [\/vc_column_text][vc_btn title=&#8221;Clique para baixar o \u00e1udio&#8221; style=&#8221;flat&#8221; color=&#8221;violet&#8221; align=&#8221;center&#8221; link=&#8221;url:http%3A%2F%2Fwww.mulheressocialistas.org.br%2Fcampanha2020%2Faudios%2FDiscurso%20e%20oratoria_%20Luciana%20Panke_1.mp3|title:baixe|target:%20_blank|&#8221;][\/vc_column][vc_column width=&#8221;1\/6&#8243;][\/vc_column][\/vc_row][vc_row][vc_column][vc_empty_space][\/vc_column][\/vc_row][vc_row][vc_column css=&#8221;.vc_custom_1601403776211{padding-bottom: 15px !important;}&#8221;][\/vc_column][\/vc_row][vc_row][vc_column width=&#8221;1\/6&#8243;][\/vc_column][vc_column width=&#8221;2\/3&#8243;][vc_column_text] [\/vc_column_text][vc_column_text] Ouvir o \u00e1udio [\/vc_column_text][vc_btn&hellip;<\/p>\n","protected":false},"author":1,"featured_media":0,"parent":0,"menu_order":0,"comment_status":"closed","ping_status":"closed","template":"","meta":{"episode_type":"","audio_file":"","cover_image":"","cover_image_id":"","duration":"","filesize":"","date_recorded":"","explicit":"","block":"","filesize_raw":""},"_links":{"self":[{"href":"https:\/\/www.mulheressocialistas.org.br\/campanha2020\/wp-json\/wp\/v2\/pages\/346"}],"collection":[{"href":"https:\/\/www.mulheressocialistas.org.br\/campanha2020\/wp-json\/wp\/v2\/pages"}],"about":[{"href":"https:\/\/www.mulheressocialistas.org.br\/campanha2020\/wp-json\/wp\/v2\/types\/page"}],"author":[{"embeddable":true,"href":"https:\/\/www.mulheressocialistas.org.br\/campanha2020\/wp-json\/wp\/v2\/users\/1"}],"replies":[{"embeddable":true,"href":"https:\/\/www.mulheressocialistas.org.br\/campanha2020\/wp-json\/wp\/v2\/comments?post=346"}],"version-history":[{"count":12,"href":"https:\/\/www.mulheressocialistas.org.br\/campanha2020\/wp-json\/wp\/v2\/pages\/346\/revisions"}],"predecessor-version":[{"id":1011,"href":"https:\/\/www.mulheressocialistas.org.br\/campanha2020\/wp-json\/wp\/v2\/pages\/346\/revisions\/1011"}],"wp:attachment":[{"href":"https:\/\/www.mulheressocialistas.org.br\/campanha2020\/wp-json\/wp\/v2\/media?parent=346"}],"curies":[{"name":"wp","href":"https:\/\/api.w.org\/{rel}","templated":true}]}}