{"id":265,"date":"2020-09-09T19:13:48","date_gmt":"2020-09-09T22:13:48","guid":{"rendered":"http:\/\/www.mulheressocialistas.org.br\/campanha2020\/?page_id=265"},"modified":"2022-02-14T17:42:32","modified_gmt":"2022-02-14T20:42:32","slug":"mulheres-socialistas-e-comunicacao","status":"publish","type":"page","link":"https:\/\/www.mulheressocialistas.org.br\/campanha2020\/mulheres-socialistas-e-comunicacao\/","title":{"rendered":"MULHERES SOCIALISTAS E COMUNICA\u00c7\u00c3O"},"content":{"rendered":"<p>[vc_row full_width=&#8221;stretch_row&#8221; content_placement=&#8221;middle&#8221; bg_type=&#8221;image&#8221; parallax_style=&#8221;vcpb-default&#8221; bg_image_new=&#8221;id^279|url^http:\/\/www.mulheressocialistas.org.br\/campanha2020\/wp-content\/uploads\/2020\/09\/fundo-titulo2-2.jpg|caption^null|alt^null|title^fundo-titulo2-2|description^null&#8221; bg_image_repeat=&#8221;no-repeat&#8221; bg_override=&#8221;full&#8221; css=&#8221;.vc_custom_1599691455110{background-position: center !important;background-repeat: no-repeat !important;background-size: cover !important;}&#8221;][vc_column][vc_single_image image=&#8221;796&#8243; img_size=&#8221;full&#8221; alignment=&#8221;center&#8221; css=&#8221;.vc_custom_1601564277419{padding-top: 3% !important;padding-bottom: 3% !important;}&#8221;][\/vc_column][\/vc_row][vc_row][vc_column css=&#8221;.vc_custom_1601403776211{padding-bottom: 15px !important;}&#8221;]<div class=\"dt-fancy-separator h1-size style-disabled\" style=\"width: 100%;\"><div class=\"dt-fancy-title\" style=\"color: #8b3181;\"><span class=\"separator-holder separator-left\"><\/span>1. O que \u00e9 comunica\u00e7\u00e3o social?<span class=\"separator-holder separator-right\"><\/span><\/div><\/div>[\/vc_column][\/vc_row][vc_row][vc_column width=&#8221;1\/6&#8243;][\/vc_column][vc_column width=&#8221;2\/3&#8243;][vc_column_text]<\/p>\n<div class=\"corpo\">\n<p align=\"center\"><iframe loading=\"lazy\" src=\"https:\/\/app.iptvmax.com\/s\/embed?v=5JJH3AVWPW\" width=\"682\" height=\"430\" frameborder=\"0\" scrolling=\"no\" allowfullscreen=\"allowfullscreen\"><\/iframe><\/p>\n<\/div>\n<p>[\/vc_column_text][vc_column_text]<\/p>\n<h6 style=\"text-align: center;\"><strong>Ouvir o \u00e1udio<\/strong><\/h6>\n<!--[if lt IE 9]><script>document.createElement('audio');<\/script><![endif]-->\n<audio class=\"wp-audio-shortcode\" id=\"audio-265-1\" preload=\"none\" style=\"width: 100%;\" controls=\"controls\"><source type=\"audio\/mpeg\" src=\"http:\/\/www.mulheressocialistas.org.br\/campanha2020\/wp-content\/uploads\/2020\/10\/o-que-e-comunicacao-social_-Luciana-Pank_1.mp3?_=1\" \/><a href=\"http:\/\/www.mulheressocialistas.org.br\/campanha2020\/wp-content\/uploads\/2020\/10\/o-que-e-comunicacao-social_-Luciana-Pank_1.mp3\">http:\/\/www.mulheressocialistas.org.br\/campanha2020\/wp-content\/uploads\/2020\/10\/o-que-e-comunicacao-social_-Luciana-Pank_1.mp3<\/a><\/audio>\n<p>[\/vc_column_text][vc_btn title=&#8221;Clique para baixar o \u00e1udio&#8221; style=&#8221;flat&#8221; color=&#8221;violet&#8221; align=&#8221;center&#8221; link=&#8221;url:http%3A%2F%2Fwww.mulheressocialistas.org.br%2Fcampanha2020%2Faudios%2Fo%20que%20e%20comunicacao%20social_%20Luciana%20Pank_1.mp3|title:baixe|target:%20_blank|&#8221;][\/vc_column][vc_column width=&#8221;1\/6&#8243;][\/vc_column][\/vc_row][vc_row][vc_column][vc_empty_space][\/vc_column][\/vc_row][vc_row][vc_column css=&#8221;.vc_custom_1601403776211{padding-bottom: 15px !important;}&#8221;]<div class=\"dt-fancy-separator h1-size style-disabled\" style=\"width: 100%;\"><div class=\"dt-fancy-title\" style=\"color: #8b3181;\"><span class=\"separator-holder separator-left\"><\/span>2. Mulheres Socialistas e Comunica\u00e7\u00e3o<span class=\"separator-holder separator-right\"><\/span><\/div><\/div>[\/vc_column][\/vc_row][vc_row][vc_column width=&#8221;1\/6&#8243;][\/vc_column][vc_column width=&#8221;2\/3&#8243;][vc_column_text]<\/p>\n<div class=\"corpo\">\n<p align=\"center\"><iframe loading=\"lazy\" src=\"https:\/\/app.iptvmax.com\/s\/embed?v=5B60WNKL65\" width=\"682\" height=\"430\" frameborder=\"0\" scrolling=\"no\" allowfullscreen=\"allowfullscreen\"><\/iframe><\/p>\n<\/div>\n<p>[\/vc_column_text][vc_column_text]<\/p>\n<h6 style=\"text-align: center;\"><strong>Ouvir o \u00e1udio<\/strong><\/h6>\n<audio class=\"wp-audio-shortcode\" id=\"audio-265-2\" preload=\"none\" style=\"width: 100%;\" controls=\"controls\"><source type=\"audio\/mpeg\" src=\"http:\/\/www.mulheressocialistas.org.br\/campanha2020\/wp-content\/uploads\/2020\/10\/Mulheres-socialistas-e-comunicacao_-Luciana-Pank_1.mp3?_=2\" \/><a href=\"http:\/\/www.mulheressocialistas.org.br\/campanha2020\/wp-content\/uploads\/2020\/10\/Mulheres-socialistas-e-comunicacao_-Luciana-Pank_1.mp3\">http:\/\/www.mulheressocialistas.org.br\/campanha2020\/wp-content\/uploads\/2020\/10\/Mulheres-socialistas-e-comunicacao_-Luciana-Pank_1.mp3<\/a><\/audio>\n<p>[\/vc_column_text][vc_btn title=&#8221;Clique para baixar o \u00e1udio&#8221; style=&#8221;flat&#8221; color=&#8221;violet&#8221; align=&#8221;center&#8221; link=&#8221;url:http%3A%2F%2Fwww.mulheressocialistas.org.br%2Fcampanha2020%2Faudios%2FMulheres%20socialistas%20e%20comunicacao_%20Luciana%20Pank_1.mp3|title:baixe|target:%20_blank|&#8221;][\/vc_column][vc_column width=&#8221;1\/6&#8243;][\/vc_column][\/vc_row][vc_row][vc_column][vc_empty_space][\/vc_column][\/vc_row][vc_row][vc_column css=&#8221;.vc_custom_1601403776211{padding-bottom: 15px !important;}&#8221;]<div class=\"dt-fancy-separator h1-size style-disabled\" style=\"width: 100%;\"><div class=\"dt-fancy-title\" style=\"color: #8b3181;\"><span class=\"separator-holder separator-left\"><\/span>3. O que s\u00e3o redes? Redes sociais, digitais e anal\u00f3gicas<span class=\"separator-holder separator-right\"><\/span><\/div><\/div>[\/vc_column][\/vc_row][vc_row][vc_column width=&#8221;1\/6&#8243;][\/vc_column][vc_column width=&#8221;2\/3&#8243;][vc_column_text]<\/p>\n<div class=\"corpo\">\n<p align=\"center\"><iframe loading=\"lazy\" src=\"https:\/\/app.iptvmax.com\/s\/embed?v=76R56G0F6T\" width=\"682\" height=\"430\" frameborder=\"0\" scrolling=\"no\" allowfullscreen=\"allowfullscreen\"><\/iframe><\/p>\n<\/div>\n<p>[\/vc_column_text][vc_column_text]<\/p>\n<h6 style=\"text-align: center;\"><strong>Ouvir o \u00e1udio<\/strong><\/h6>\n<audio class=\"wp-audio-shortcode\" id=\"audio-265-3\" preload=\"none\" style=\"width: 100%;\" controls=\"controls\"><source type=\"audio\/mpeg\" src=\"http:\/\/www.mulheressocialistas.org.br\/campanha2020\/wp-content\/uploads\/2020\/10\/O-que-sao-redes_-Luciana-Pank_1.mp3?_=3\" \/><a href=\"http:\/\/www.mulheressocialistas.org.br\/campanha2020\/wp-content\/uploads\/2020\/10\/O-que-sao-redes_-Luciana-Pank_1.mp3\">http:\/\/www.mulheressocialistas.org.br\/campanha2020\/wp-content\/uploads\/2020\/10\/O-que-sao-redes_-Luciana-Pank_1.mp3<\/a><\/audio>\n<p>[\/vc_column_text][vc_btn title=&#8221;Clique para baixar o \u00e1udio&#8221; style=&#8221;flat&#8221; color=&#8221;violet&#8221; align=&#8221;center&#8221; link=&#8221;url:http%3A%2F%2Fwww.mulheressocialistas.org.br%2Fcampanha2020%2Faudios%2FO%20que%20sao%20redes_%20Luciana%20Pank_1.mp3|title:baixe|target:%20_blank|&#8221;][\/vc_column][vc_column width=&#8221;1\/6&#8243;][\/vc_column][\/vc_row][vc_row][vc_column][vc_empty_space][\/vc_column][\/vc_row][vc_row][vc_column css=&#8221;.vc_custom_1601403776211{padding-bottom: 15px !important;}&#8221;]<div class=\"dt-fancy-separator h1-size style-disabled\" style=\"width: 100%;\"><div class=\"dt-fancy-title\" style=\"color: #8b3181;\"><span class=\"separator-holder separator-left\"><\/span>4. Comunica\u00e7\u00e3o interpessoal<span class=\"separator-holder separator-right\"><\/span><\/div><\/div>[\/vc_column][\/vc_row][vc_row][vc_column width=&#8221;1\/6&#8243;][\/vc_column][vc_column width=&#8221;2\/3&#8243;][vc_column_text]<\/p>\n<div class=\"corpo\">\n<p align=\"center\"><iframe loading=\"lazy\" src=\"https:\/\/app.iptvmax.com\/s\/embed?v=8HEGHDZK2G\" width=\"682\" height=\"430\" frameborder=\"0\" scrolling=\"no\" allowfullscreen=\"allowfullscreen\"><\/iframe><\/p>\n<\/div>\n<p>[\/vc_column_text][vc_column_text]<\/p>\n<h6 style=\"text-align: center;\"><strong>Ouvir o \u00e1udio<\/strong><\/h6>\n<audio class=\"wp-audio-shortcode\" id=\"audio-265-4\" preload=\"none\" style=\"width: 100%;\" controls=\"controls\"><source type=\"audio\/mpeg\" src=\"http:\/\/www.mulheressocialistas.org.br\/campanha2020\/wp-content\/uploads\/2020\/10\/comunicacao-interpessoal_-Luciana-Pank_1.mp3?_=4\" \/><a href=\"http:\/\/www.mulheressocialistas.org.br\/campanha2020\/wp-content\/uploads\/2020\/10\/comunicacao-interpessoal_-Luciana-Pank_1.mp3\">http:\/\/www.mulheressocialistas.org.br\/campanha2020\/wp-content\/uploads\/2020\/10\/comunicacao-interpessoal_-Luciana-Pank_1.mp3<\/a><\/audio>\n<p>[\/vc_column_text][vc_btn title=&#8221;Clique para baixar o \u00e1udio&#8221; style=&#8221;flat&#8221; color=&#8221;violet&#8221; align=&#8221;center&#8221; link=&#8221;url:http%3A%2F%2Fwww.mulheressocialistas.org.br%2Fcampanha2020%2Faudios%2Fcomunicacao%20interpessoal_%20Luciana%20Pank_1.mp3|title:baixe|target:%20_blank|&#8221;][\/vc_column][vc_column width=&#8221;1\/6&#8243;][\/vc_column][\/vc_row][vc_row][vc_column][vc_empty_space][\/vc_column][\/vc_row][vc_row][vc_column css=&#8221;.vc_custom_1601403776211{padding-bottom: 15px !important;}&#8221;]<div class=\"dt-fancy-separator h1-size style-disabled\" style=\"width: 100%;\"><div class=\"dt-fancy-title\" style=\"color: #8b3181;\"><span class=\"separator-holder separator-left\"><\/span>5. Gest\u00e3o de crise e Fake News<span class=\"separator-holder separator-right\"><\/span><\/div><\/div>[\/vc_column][\/vc_row][vc_row][vc_column width=&#8221;1\/6&#8243;][\/vc_column][vc_column width=&#8221;2\/3&#8243;][vc_column_text]<\/p>\n<div class=\"corpo\">\n<p align=\"center\"><iframe loading=\"lazy\" src=\"https:\/\/app.iptvmax.com\/s\/embed?v=9V63BP6XTU\" width=\"682\" height=\"430\" frameborder=\"0\" scrolling=\"no\" allowfullscreen=\"allowfullscreen\"><\/iframe><\/p>\n<\/div>\n<p>[\/vc_column_text][vc_column_text]<\/p>\n<h6 style=\"text-align: center;\"><strong>Ouvir o \u00e1udio<\/strong><\/h6>\n<audio class=\"wp-audio-shortcode\" id=\"audio-265-5\" preload=\"none\" style=\"width: 100%;\" controls=\"controls\"><source type=\"audio\/mpeg\" src=\"http:\/\/www.mulheressocialistas.org.br\/campanha2020\/wp-content\/uploads\/2020\/10\/Gestao-de-crise-e-fake-news_-Luciana-Pank_1.mp3?_=5\" \/><a href=\"http:\/\/www.mulheressocialistas.org.br\/campanha2020\/wp-content\/uploads\/2020\/10\/Gestao-de-crise-e-fake-news_-Luciana-Pank_1.mp3\">http:\/\/www.mulheressocialistas.org.br\/campanha2020\/wp-content\/uploads\/2020\/10\/Gestao-de-crise-e-fake-news_-Luciana-Pank_1.mp3<\/a><\/audio>\n<p>[\/vc_column_text][vc_btn title=&#8221;Clique para baixar o \u00e1udio&#8221; style=&#8221;flat&#8221; color=&#8221;violet&#8221; align=&#8221;center&#8221; link=&#8221;url:http%3A%2F%2Fwww.mulheressocialistas.org.br%2Fcampanha2020%2Faudios%2FGestao%20de%20crise%20e%20fake%20news_%20Luciana%20Pank_1.mp3|title:baixe|target:%20_blank|&#8221;][\/vc_column][vc_column width=&#8221;1\/6&#8243;][\/vc_column][\/vc_row][vc_row][vc_column][vc_empty_space][\/vc_column][\/vc_row][vc_row][vc_column css=&#8221;.vc_custom_1601403776211{padding-bottom: 15px !important;}&#8221;]<div class=\"dt-fancy-separator h1-size style-disabled\" style=\"width: 100%;\"><div class=\"dt-fancy-title\" style=\"color: #8b3181;\"><span class=\"separator-holder separator-left\"><\/span>6. Comunica\u00e7\u00e3o permanente: p\u00f3s-elei\u00e7\u00e3o<span class=\"separator-holder separator-right\"><\/span><\/div><\/div>[\/vc_column][\/vc_row][vc_row][vc_column width=&#8221;1\/6&#8243;][\/vc_column][vc_column width=&#8221;2\/3&#8243;][vc_column_text]<\/p>\n<div class=\"corpo\">\n<p align=\"center\"><iframe loading=\"lazy\" src=\"https:\/\/app.iptvmax.com\/s\/embed?v=A2T29C655E\" width=\"682\" height=\"430\" frameborder=\"0\" scrolling=\"no\" allowfullscreen=\"allowfullscreen\"><\/iframe><\/p>\n<\/div>\n<p>[\/vc_column_text][vc_column_text]<\/p>\n<h6 style=\"text-align: center;\"><strong>Ouvir o \u00e1udio<\/strong><\/h6>\n<audio class=\"wp-audio-shortcode\" id=\"audio-265-6\" preload=\"none\" style=\"width: 100%;\" controls=\"controls\"><source type=\"audio\/mpeg\" src=\"http:\/\/www.mulheressocialistas.org.br\/campanha2020\/wp-content\/uploads\/2020\/10\/comunicacao-permanente_-Luciana-Pank_1.mp3?_=6\" \/><a href=\"http:\/\/www.mulheressocialistas.org.br\/campanha2020\/wp-content\/uploads\/2020\/10\/comunicacao-permanente_-Luciana-Pank_1.mp3\">http:\/\/www.mulheressocialistas.org.br\/campanha2020\/wp-content\/uploads\/2020\/10\/comunicacao-permanente_-Luciana-Pank_1.mp3<\/a><\/audio>\n<p>[\/vc_column_text][vc_btn title=&#8221;Clique para baixar o \u00e1udio&#8221; style=&#8221;flat&#8221; color=&#8221;violet&#8221; align=&#8221;center&#8221; link=&#8221;url:http%3A%2F%2Fwww.mulheressocialistas.org.br%2Fcampanha2020%2Faudios%2Fcomunicacao%20permanente_%20Luciana%20Pank_1.mp3|title:baixe|target:%20_blank|&#8221;][\/vc_column][vc_column width=&#8221;1\/6&#8243;][\/vc_column][\/vc_row][vc_row][vc_column][\/vc_column][\/vc_row][vc_row][vc_column css=&#8221;.vc_custom_1601476638447{padding-bottom: 25px !important;}&#8221;]<div class=\"dt-fancy-separator h1-size style-disabled\" style=\"width: 100%;\"><div class=\"dt-fancy-title\" style=\"color: #8b3181;\"><span class=\"separator-holder separator-left\"><\/span>Material de Apoio<span class=\"separator-holder separator-right\"><\/span><\/div><\/div>[\/vc_column][\/vc_row][vc_row][vc_column width=&#8221;1\/6&#8243;][\/vc_column][vc_column width=&#8221;1\/6&#8243;][vc_single_image image=&#8221;804&#8243; img_size=&#8221;medium&#8221; alignment=&#8221;center&#8221; onclick=&#8221;custom_link&#8221; img_link_target=&#8221;_blank&#8221; link=&#8221;http:\/\/www.mulheressocialistas.org.br\/campanha2020\/wp-content\/uploads\/2020\/10\/Plataforma-SNM-02-Mulheres-Socialistas-Comunicam.pdf&#8221;][\/vc_column][vc_column width=&#8221;1\/6&#8243;][vc_single_image image=&#8221;783&#8243; img_size=&#8221;medium&#8221; alignment=&#8221;center&#8221; onclick=&#8221;custom_link&#8221; img_link_target=&#8221;_blank&#8221; link=&#8221;http:\/\/www.mulheressocialistas.org.br\/campanha2020\/wp-content\/uploads\/2020\/09\/M2-Comunicacao-eleitoral-e-politica.pdf&#8221;][\/vc_column][vc_column width=&#8221;1\/6&#8243;][vc_single_image image=&#8221;782&#8243; img_size=&#8221;medium&#8221; alignment=&#8221;center&#8221; onclick=&#8221;custom_link&#8221; img_link_target=&#8221;_blank&#8221; link=&#8221;http:\/\/www.mulheressocialistas.org.br\/campanha2020\/wp-content\/uploads\/2020\/09\/M2-Redes.pdf&#8221;][\/vc_column][vc_column width=&#8221;1\/6&#8243;][vc_single_image image=&#8221;848&#8243; img_size=&#8221;medium&#8221; alignment=&#8221;center&#8221; onclick=&#8221;custom_link&#8221; img_link_target=&#8221;_blank&#8221; link=&#8221;http:\/\/www.mulheressocialistas.org.br\/campanha2020\/wp-content\/uploads\/2020\/10\/Cole\u00e7\u00e3o-Primeiros-Passos-O-que-\u00e9-Cidade.pdf&#8221;][\/vc_column][vc_column width=&#8221;1\/6&#8243;][\/vc_column][\/vc_row][vc_row][vc_column width=&#8221;1\/6&#8243;][\/vc_column][vc_column width=&#8221;1\/6&#8243;][vc_single_image image=&#8221;850&#8243; img_size=&#8221;medium&#8221; alignment=&#8221;center&#8221; onclick=&#8221;custom_link&#8221; img_link_target=&#8221;_blank&#8221; link=&#8221;http:\/\/www.mulheressocialistas.org.br\/campanha2020\/wp-content\/uploads\/2020\/10\/genero-e-publicidade-Milena-Freire-Org.pdf&#8221;][\/vc_column][vc_column width=&#8221;1\/6&#8243;][vc_single_image image=&#8221;852&#8243; img_size=&#8221;medium&#8221; alignment=&#8221;center&#8221; onclick=&#8221;custom_link&#8221; img_link_target=&#8221;_blank&#8221; link=&#8221;http:\/\/www.mulheressocialistas.org.br\/campanha2020\/wp-content\/uploads\/2020\/10\/Livro_Formula\u00e7\u00e3o-de-pol\u00edticas-p\u00fablicas.pdf&#8221;][\/vc_column][vc_column width=&#8221;1\/6&#8243;][vc_single_image image=&#8221;854&#8243; img_size=&#8221;medium&#8221; alignment=&#8221;center&#8221; onclick=&#8221;custom_link&#8221; img_link_target=&#8221;_blank&#8221; link=&#8221;http:\/\/www.mulheressocialistas.org.br\/campanha2020\/wp-content\/uploads\/2020\/10\/Redes-Sociais-na-Internet-Raquel-Recuero.pdf&#8221;][\/vc_column][vc_column width=&#8221;1\/6&#8243;][vc_single_image image=&#8221;847&#8243; img_size=&#8221;medium&#8221; alignment=&#8221;center&#8221; onclick=&#8221;custom_link&#8221; img_link_target=&#8221;_blank&#8221; link=&#8221;http:\/\/www.mulheressocialistas.org.br\/campanha2020\/wp-content\/uploads\/2020\/10\/Subliminar_-Como-o-inconsciente-Leonard-Mlodinow.pdf&#8221;][\/vc_column][vc_column width=&#8221;1\/6&#8243;][\/vc_column][\/vc_row][vc_row][vc_column][\/vc_column][\/vc_row][vc_column][vc_empty_space height=&#8221;15px&#8221;][\/vc_column][vc_column][vc_empty_space height=&#8221;15px&#8221;][\/vc_column]<\/p>\n","protected":false},"excerpt":{"rendered":"<p>[vc_row full_width=&#8221;stretch_row&#8221; content_placement=&#8221;middle&#8221; bg_type=&#8221;image&#8221; parallax_style=&#8221;vcpb-default&#8221; bg_image_new=&#8221;id^279|url^http:\/\/www.mulheressocialistas.org.br\/campanha2020\/wp-content\/uploads\/2020\/09\/fundo-titulo2-2.jpg|caption^null|alt^null|title^fundo-titulo2-2|description^null&#8221; bg_image_repeat=&#8221;no-repeat&#8221; bg_override=&#8221;full&#8221; css=&#8221;.vc_custom_1599691455110{background-position: center !important;background-repeat: no-repeat !important;background-size: cover !important;}&#8221;][vc_column][vc_single_image image=&#8221;796&#8243; img_size=&#8221;full&#8221; alignment=&#8221;center&#8221; css=&#8221;.vc_custom_1601564277419{padding-top: 3% !important;padding-bottom: 3% !important;}&#8221;][\/vc_column][\/vc_row][vc_row][vc_column css=&#8221;.vc_custom_1601403776211{padding-bottom: 15px !important;}&#8221;][\/vc_column][\/vc_row][vc_row][vc_column width=&#8221;1\/6&#8243;][\/vc_column][vc_column width=&#8221;2\/3&#8243;][vc_column_text] [\/vc_column_text][vc_column_text] Ouvir o \u00e1udio [\/vc_column_text][vc_btn title=&#8221;Clique para baixar o \u00e1udio&#8221; style=&#8221;flat&#8221; color=&#8221;violet&#8221; align=&#8221;center&#8221; link=&#8221;url:http%3A%2F%2Fwww.mulheressocialistas.org.br%2Fcampanha2020%2Faudios%2Fo%20que%20e%20comunicacao%20social_%20Luciana%20Pank_1.mp3|title:baixe|target:%20_blank|&#8221;][\/vc_column][vc_column width=&#8221;1\/6&#8243;][\/vc_column][\/vc_row][vc_row][vc_column][vc_empty_space][\/vc_column][\/vc_row][vc_row][vc_column css=&#8221;.vc_custom_1601403776211{padding-bottom: 15px !important;}&#8221;][\/vc_column][\/vc_row][vc_row][vc_column width=&#8221;1\/6&#8243;][\/vc_column][vc_column width=&#8221;2\/3&#8243;][vc_column_text] [\/vc_column_text][vc_column_text] Ouvir o \u00e1udio [\/vc_column_text][vc_btn title=&#8221;Clique para&hellip;<\/p>\n","protected":false},"author":1,"featured_media":0,"parent":0,"menu_order":0,"comment_status":"closed","ping_status":"closed","template":"","meta":{"episode_type":"","audio_file":"","cover_image":"","cover_image_id":"","duration":"","filesize":"","date_recorded":"","explicit":"","block":"","filesize_raw":""},"_links":{"self":[{"href":"https:\/\/www.mulheressocialistas.org.br\/campanha2020\/wp-json\/wp\/v2\/pages\/265"}],"collection":[{"href":"https:\/\/www.mulheressocialistas.org.br\/campanha2020\/wp-json\/wp\/v2\/pages"}],"about":[{"href":"https:\/\/www.mulheressocialistas.org.br\/campanha2020\/wp-json\/wp\/v2\/types\/page"}],"author":[{"embeddable":true,"href":"https:\/\/www.mulheressocialistas.org.br\/campanha2020\/wp-json\/wp\/v2\/users\/1"}],"replies":[{"embeddable":true,"href":"https:\/\/www.mulheressocialistas.org.br\/campanha2020\/wp-json\/wp\/v2\/comments?post=265"}],"version-history":[{"count":25,"href":"https:\/\/www.mulheressocialistas.org.br\/campanha2020\/wp-json\/wp\/v2\/pages\/265\/revisions"}],"predecessor-version":[{"id":1008,"href":"https:\/\/www.mulheressocialistas.org.br\/campanha2020\/wp-json\/wp\/v2\/pages\/265\/revisions\/1008"}],"wp:attachment":[{"href":"https:\/\/www.mulheressocialistas.org.br\/campanha2020\/wp-json\/wp\/v2\/media?parent=265"}],"curies":[{"name":"wp","href":"https:\/\/api.w.org\/{rel}","templated":true}]}}