{"id":244,"date":"2020-09-08T22:24:55","date_gmt":"2020-09-09T01:24:55","guid":{"rendered":"http:\/\/www.mulheressocialistas.org.br\/campanha2020\/?page_id=244"},"modified":"2022-02-14T17:41:28","modified_gmt":"2022-02-14T20:41:28","slug":"mulheres-na-politica","status":"publish","type":"page","link":"https:\/\/www.mulheressocialistas.org.br\/campanha2020\/mulheres-na-politica\/","title":{"rendered":"MULHERES NA POL\u00cdTICA"},"content":{"rendered":"<p>[vc_row full_width=&#8221;stretch_row&#8221; content_placement=&#8221;middle&#8221; bg_type=&#8221;image&#8221; parallax_style=&#8221;vcpb-default&#8221; bg_image_new=&#8221;id^255|url^http:\/\/www.mulheressocialistas.org.br\/campanha2020\/wp-content\/uploads\/2020\/09\/titulos2-scaled.jpg|caption^null|alt^null|title^titulos2|description^null&#8221; bg_image_repeat=&#8221;no-repeat&#8221; bg_override=&#8221;full&#8221; css=&#8221;.vc_custom_1599617533963{background-position: center !important;background-repeat: no-repeat !important;background-size: cover !important;}&#8221;][vc_column][vc_single_image image=&#8221;249&#8243; img_size=&#8221;full&#8221; alignment=&#8221;center&#8221; css=&#8221;.vc_custom_1599617579376{padding-top: 10% !important;padding-bottom: 10% !important;}&#8221;][\/vc_column][\/vc_row][vc_row][vc_column css=&#8221;.vc_custom_1601403776211{padding-bottom: 15px !important;}&#8221;]<div class=\"dt-fancy-separator h1-size style-disabled\" style=\"width: 100%;\"><div class=\"dt-fancy-title\" style=\"color: #8b3181;\"><span class=\"separator-holder separator-left\"><\/span>1. Empoderamento da mulher<span class=\"separator-holder separator-right\"><\/span><\/div><\/div>[\/vc_column][\/vc_row][vc_row][vc_column width=&#8221;1\/6&#8243;][\/vc_column][vc_column width=&#8221;2\/3&#8243;][vc_column_text]<\/p>\n<div class=\"corpo\">\n<p align=\"center\"><iframe loading=\"lazy\" src=\"https:\/\/app.iptvmax.com\/s\/embed?v=IR9LPM618F\" width=\"682\" height=\"430\" frameborder=\"0\" scrolling=\"no\" allowfullscreen=\"allowfullscreen\"><\/iframe><\/p>\n<\/div>\n<p>[\/vc_column_text][vc_column_text]<\/p>\n<h6 style=\"text-align: center;\"><strong>Ouvir o \u00e1udio<\/strong><\/h6>\n<!--[if lt IE 9]><script>document.createElement('audio');<\/script><![endif]-->\n<audio class=\"wp-audio-shortcode\" id=\"audio-244-1\" preload=\"none\" style=\"width: 100%;\" controls=\"controls\"><source type=\"audio\/mpeg\" src=\"http:\/\/www.mulheressocialistas.org.br\/campanha2020\/wp-content\/uploads\/2020\/10\/Empoderamento-da-mulher_Luciana-Panke_1.mp3?_=1\" \/><a href=\"http:\/\/www.mulheressocialistas.org.br\/campanha2020\/wp-content\/uploads\/2020\/10\/Empoderamento-da-mulher_Luciana-Panke_1.mp3\">http:\/\/www.mulheressocialistas.org.br\/campanha2020\/wp-content\/uploads\/2020\/10\/Empoderamento-da-mulher_Luciana-Panke_1.mp3<\/a><\/audio>\n<p>[\/vc_column_text][vc_btn title=&#8221;Clique para baixar o \u00e1udio&#8221; style=&#8221;flat&#8221; color=&#8221;violet&#8221; align=&#8221;center&#8221; link=&#8221;url:http%3A%2F%2Fwww.mulheressocialistas.org.br%2Fcampanha2020%2Faudios%2FEmpoderamento%20da%20mulher_Luciana%20Panke_1.mp3|title:baixe|target:%20_blank|&#8221;][\/vc_column][vc_column width=&#8221;1\/6&#8243;][\/vc_column][\/vc_row][vc_row][vc_column][vc_empty_space][\/vc_column][\/vc_row][vc_row][vc_column css=&#8221;.vc_custom_1601403776211{padding-bottom: 15px !important;}&#8221;]<div class=\"dt-fancy-separator h1-size style-disabled\" style=\"width: 100%;\"><div class=\"dt-fancy-title\" style=\"color: #8b3181;\"><span class=\"separator-holder separator-left\"><\/span>2. Mulheres na pol\u00edtica<span class=\"separator-holder separator-right\"><\/span><\/div><\/div>[\/vc_column][\/vc_row][vc_row][vc_column width=&#8221;1\/6&#8243;][\/vc_column][vc_column width=&#8221;2\/3&#8243;][vc_column_text]<\/p>\n<div class=\"corpo\">\n<p align=\"center\"><iframe loading=\"lazy\" src=\"https:\/\/app.iptvmax.com\/s\/embed?v=3BLYZC80FD\" width=\"682\" height=\"430\" frameborder=\"0\" scrolling=\"no\" allowfullscreen=\"allowfullscreen\"><\/iframe><\/p>\n<\/div>\n<p>[\/vc_column_text][vc_column_text]<\/p>\n<h6 style=\"text-align: center;\"><strong>Ouvir o \u00e1udio<\/strong><\/h6>\n<audio class=\"wp-audio-shortcode\" id=\"audio-244-2\" preload=\"none\" style=\"width: 100%;\" controls=\"controls\"><source type=\"audio\/mpeg\" src=\"http:\/\/www.mulheressocialistas.org.br\/campanha2020\/wp-content\/uploads\/2020\/10\/Mulheres-na-politica_Luciana-Panke_1.mp3?_=2\" \/><a href=\"http:\/\/www.mulheressocialistas.org.br\/campanha2020\/wp-content\/uploads\/2020\/10\/Mulheres-na-politica_Luciana-Panke_1.mp3\">http:\/\/www.mulheressocialistas.org.br\/campanha2020\/wp-content\/uploads\/2020\/10\/Mulheres-na-politica_Luciana-Panke_1.mp3<\/a><\/audio>\n<p>[\/vc_column_text][vc_btn title=&#8221;Clique para baixar o \u00e1udio&#8221; style=&#8221;flat&#8221; color=&#8221;violet&#8221; align=&#8221;center&#8221; link=&#8221;url:http%3A%2F%2Fwww.mulheressocialistas.org.br%2Fcampanha2020%2Faudios%2FMulheres%20na%20politica_Luciana%20Panke_1.mp3|title:baixe|target:%20_blank|&#8221;][\/vc_column][vc_column width=&#8221;1\/6&#8243;][\/vc_column][\/vc_row][vc_row][vc_column][vc_empty_space][\/vc_column][\/vc_row][vc_row][vc_column css=&#8221;.vc_custom_1601403776211{padding-bottom: 15px !important;}&#8221;]<div class=\"dt-fancy-separator h1-size style-disabled\" style=\"width: 100%;\"><div class=\"dt-fancy-title\" style=\"color: #8b3181;\"><span class=\"separator-holder separator-left\"><\/span>3. O que \u00e9 capital pol\u00edtico?<span class=\"separator-holder separator-right\"><\/span><\/div><\/div>[\/vc_column][\/vc_row][vc_row][vc_column width=&#8221;1\/6&#8243;][\/vc_column][vc_column width=&#8221;2\/3&#8243;][vc_column_text]<\/p>\n<div class=\"corpo\">\n<p align=\"center\"><iframe loading=\"lazy\" src=\"https:\/\/app.iptvmax.com\/s\/embed?v=ID3B490GPP\" width=\"682\" height=\"430\" frameborder=\"0\" scrolling=\"no\" allowfullscreen=\"allowfullscreen\"><\/iframe><\/p>\n<\/div>\n<p>[\/vc_column_text][vc_column_text]<\/p>\n<h6 style=\"text-align: center;\"><strong>Ouvir o \u00e1udio<\/strong><\/h6>\n<audio class=\"wp-audio-shortcode\" id=\"audio-244-3\" preload=\"none\" style=\"width: 100%;\" controls=\"controls\"><source type=\"audio\/mpeg\" src=\"http:\/\/www.mulheressocialistas.org.br\/campanha2020\/wp-content\/uploads\/2020\/10\/o-que-e-capital-politico_-Luciana-Pank_1.mp3?_=3\" \/><a href=\"http:\/\/www.mulheressocialistas.org.br\/campanha2020\/wp-content\/uploads\/2020\/10\/o-que-e-capital-politico_-Luciana-Pank_1.mp3\">http:\/\/www.mulheressocialistas.org.br\/campanha2020\/wp-content\/uploads\/2020\/10\/o-que-e-capital-politico_-Luciana-Pank_1.mp3<\/a><\/audio>\n<p>[\/vc_column_text][vc_btn title=&#8221;Clique para baixar o \u00e1udio&#8221; style=&#8221;flat&#8221; color=&#8221;violet&#8221; align=&#8221;center&#8221; link=&#8221;url:http%3A%2F%2Fwww.mulheressocialistas.org.br%2Fcampanha2020%2Faudios%2Fo%20que%20e%20capital%20politico_%20Luciana%20Pank_1.mp3|title:baixe|target:%20_blank|&#8221;][\/vc_column][vc_column width=&#8221;1\/6&#8243;][\/vc_column][\/vc_row][vc_row][vc_column][vc_empty_space][\/vc_column][\/vc_row][vc_row][vc_column css=&#8221;.vc_custom_1601403776211{padding-bottom: 15px !important;}&#8221;]<div class=\"dt-fancy-separator h1-size style-disabled\" style=\"width: 100%;\"><div class=\"dt-fancy-title\" style=\"color: #8b3181;\"><span class=\"separator-holder separator-left\"><\/span>4. Viol\u00eancia pol\u00edtica<span class=\"separator-holder separator-right\"><\/span><\/div><\/div>[\/vc_column][\/vc_row][vc_row][vc_column width=&#8221;1\/6&#8243;][\/vc_column][vc_column width=&#8221;2\/3&#8243;][vc_column_text]<\/p>\n<div class=\"corpo\">\n<p align=\"center\"><iframe loading=\"lazy\" src=\"https:\/\/app.iptvmax.com\/s\/embed?v=V6OP9J9SUB\" width=\"682\" height=\"430\" frameborder=\"0\" scrolling=\"no\" allowfullscreen=\"allowfullscreen\"><\/iframe><\/p>\n<\/div>\n<p>[\/vc_column_text][vc_column_text css=&#8221;.vc_custom_1603404615660{padding-top: -15px !important;}&#8221;]<\/p>\n<h6 style=\"text-align: center;\"><strong>Ouvir o \u00e1udio<\/strong><\/h6>\n<audio class=\"wp-audio-shortcode\" id=\"audio-244-4\" preload=\"none\" style=\"width: 100%;\" controls=\"controls\"><source type=\"audio\/mpeg\" src=\"http:\/\/www.mulheressocialistas.org.br\/campanha2020\/wp-content\/uploads\/2020\/10\/Violencia-politica_-Luciana-Pank_1.mp3?_=4\" \/><a href=\"http:\/\/www.mulheressocialistas.org.br\/campanha2020\/wp-content\/uploads\/2020\/10\/Violencia-politica_-Luciana-Pank_1.mp3\">http:\/\/www.mulheressocialistas.org.br\/campanha2020\/wp-content\/uploads\/2020\/10\/Violencia-politica_-Luciana-Pank_1.mp3<\/a><\/audio>\n<p>[\/vc_column_text][vc_btn title=&#8221;Clique para baixar o \u00e1udio&#8221; style=&#8221;flat&#8221; color=&#8221;violet&#8221; align=&#8221;center&#8221; link=&#8221;url:http%3A%2F%2Fwww.mulheressocialistas.org.br%2Fcampanha2020%2Faudios%2FViolencia%20politica_%20Luciana%20Pank_1.mp3|title:baixe|target:%20_blank|&#8221;][\/vc_column][vc_column width=&#8221;1\/6&#8243;][\/vc_column][\/vc_row][vc_row][vc_column][vc_empty_space][\/vc_column][\/vc_row][vc_row][vc_column css=&#8221;.vc_custom_1601476638447{padding-bottom: 25px !important;}&#8221;]<div class=\"dt-fancy-separator h1-size style-disabled\" style=\"width: 100%;\"><div class=\"dt-fancy-title\" style=\"color: #8b3181;\"><span class=\"separator-holder separator-left\"><\/span>Material de Apoio<span class=\"separator-holder separator-right\"><\/span><\/div><\/div>[\/vc_column][\/vc_row][vc_row][vc_column width=&#8221;1\/6&#8243;][\/vc_column][vc_column width=&#8221;1\/6&#8243;][vc_single_image image=&#8221;772&#8243; img_size=&#8221;medium&#8221; alignment=&#8221;center&#8221; onclick=&#8221;custom_link&#8221; img_link_target=&#8221;_blank&#8221; link=&#8221;http:\/\/www.mulheressocialistas.org.br\/campanha2020\/wp-content\/uploads\/2020\/09\/Plataforma-SNM-01-Mulheres-na-Pol\u00edtica.pdf&#8221;][\/vc_column][vc_column width=&#8221;1\/6&#8243;][vc_single_image image=&#8221;837&#8243; img_size=&#8221;medium&#8221; alignment=&#8221;center&#8221; onclick=&#8221;custom_link&#8221; img_link_target=&#8221;_blank&#8221; link=&#8221;http:\/\/www.mulheressocialistas.org.br\/campanha2020\/wp-content\/uploads\/2020\/10\/Cole\u00e7\u00e3o-Primeiros-Passos-O-que-\u00e9-Poder-1.pdf&#8221;][\/vc_column][vc_column width=&#8221;1\/6&#8243;][vc_single_image image=&#8221;839&#8243; img_size=&#8221;medium&#8221; alignment=&#8221;center&#8221; onclick=&#8221;custom_link&#8221; img_link_target=&#8221;_blank&#8221; link=&#8221;http:\/\/www.mulheressocialistas.org.br\/campanha2020\/wp-content\/uploads\/2020\/10\/MAAR-W.-O-que-\u00e9-pol\u00edtica-1.pdf&#8221;][\/vc_column][vc_column width=&#8221;1\/6&#8243;][vc_single_image image=&#8221;841&#8243; img_size=&#8221;medium&#8221; alignment=&#8221;center&#8221; onclick=&#8221;custom_link&#8221; img_link_target=&#8221;_blank&#8221; link=&#8221;http:\/\/www.mulheressocialistas.org.br\/campanha2020\/wp-content\/uploads\/2020\/10\/O-Que-\u00e9-Feminismo-Branca-Moreira-Alves-e-Jacqueline-Pitanguy-1.pdf&#8221;][\/vc_column][vc_column width=&#8221;1\/6&#8243;][\/vc_column][\/vc_row][vc_row][vc_column width=&#8221;1\/6&#8243;][\/vc_column][vc_column width=&#8221;1\/6&#8243;][vc_single_image image=&#8221;843&#8243; img_size=&#8221;medium&#8221; alignment=&#8221;center&#8221; onclick=&#8221;custom_link&#8221; img_link_target=&#8221;_blank&#8221; link=&#8221;http:\/\/www.mulheressocialistas.org.br\/campanha2020\/wp-content\/uploads\/2020\/10\/SPINDEL-Arnaldo.-O-Que-\u00e9-Socialismo-1.pdf&#8221;][\/vc_column][vc_column width=&#8221;1\/6&#8243;][vc_single_image image=&#8221;845&#8243; img_size=&#8221;medium&#8221; alignment=&#8221;center&#8221; onclick=&#8221;custom_link&#8221; img_link_target=&#8221;_blank&#8221; link=&#8221;http:\/\/www.mulheressocialistas.org.br\/campanha2020\/wp-content\/uploads\/2020\/10\/Cole\u00e7\u00e3o-Primeiros-Passos-O-Que-\u00e9-Cidadania-1.pdf&#8221;][\/vc_column][vc_column width=&#8221;1\/6&#8243;][\/vc_column][vc_column width=&#8221;1\/6&#8243;][\/vc_column][vc_column width=&#8221;1\/6&#8243;][\/vc_column][\/vc_row][vc_row][vc_column][\/vc_column][\/vc_row][vc_column][vc_empty_space height=&#8221;15px&#8221;][\/vc_column]<\/p>\n","protected":false},"excerpt":{"rendered":"<p>[vc_row full_width=&#8221;stretch_row&#8221; content_placement=&#8221;middle&#8221; bg_type=&#8221;image&#8221; parallax_style=&#8221;vcpb-default&#8221; bg_image_new=&#8221;id^255|url^http:\/\/www.mulheressocialistas.org.br\/campanha2020\/wp-content\/uploads\/2020\/09\/titulos2-scaled.jpg|caption^null|alt^null|title^titulos2|description^null&#8221; bg_image_repeat=&#8221;no-repeat&#8221; bg_override=&#8221;full&#8221; css=&#8221;.vc_custom_1599617533963{background-position: center !important;background-repeat: no-repeat !important;background-size: cover !important;}&#8221;][vc_column][vc_single_image image=&#8221;249&#8243; img_size=&#8221;full&#8221; alignment=&#8221;center&#8221; css=&#8221;.vc_custom_1599617579376{padding-top: 10% !important;padding-bottom: 10% !important;}&#8221;][\/vc_column][\/vc_row][vc_row][vc_column css=&#8221;.vc_custom_1601403776211{padding-bottom: 15px !important;}&#8221;][\/vc_column][\/vc_row][vc_row][vc_column width=&#8221;1\/6&#8243;][\/vc_column][vc_column width=&#8221;2\/3&#8243;][vc_column_text] [\/vc_column_text][vc_column_text] Ouvir o \u00e1udio [\/vc_column_text][vc_btn title=&#8221;Clique para baixar o \u00e1udio&#8221; style=&#8221;flat&#8221; color=&#8221;violet&#8221; align=&#8221;center&#8221; link=&#8221;url:http%3A%2F%2Fwww.mulheressocialistas.org.br%2Fcampanha2020%2Faudios%2FEmpoderamento%20da%20mulher_Luciana%20Panke_1.mp3|title:baixe|target:%20_blank|&#8221;][\/vc_column][vc_column width=&#8221;1\/6&#8243;][\/vc_column][\/vc_row][vc_row][vc_column][vc_empty_space][\/vc_column][\/vc_row][vc_row][vc_column css=&#8221;.vc_custom_1601403776211{padding-bottom: 15px !important;}&#8221;][\/vc_column][\/vc_row][vc_row][vc_column width=&#8221;1\/6&#8243;][\/vc_column][vc_column width=&#8221;2\/3&#8243;][vc_column_text] [\/vc_column_text][vc_column_text] Ouvir o \u00e1udio [\/vc_column_text][vc_btn title=&#8221;Clique para&hellip;<\/p>\n","protected":false},"author":1,"featured_media":0,"parent":0,"menu_order":0,"comment_status":"closed","ping_status":"closed","template":"","meta":{"episode_type":"","audio_file":"","cover_image":"","cover_image_id":"","duration":"","filesize":"","date_recorded":"","explicit":"","block":"","filesize_raw":""},"_links":{"self":[{"href":"https:\/\/www.mulheressocialistas.org.br\/campanha2020\/wp-json\/wp\/v2\/pages\/244"}],"collection":[{"href":"https:\/\/www.mulheressocialistas.org.br\/campanha2020\/wp-json\/wp\/v2\/pages"}],"about":[{"href":"https:\/\/www.mulheressocialistas.org.br\/campanha2020\/wp-json\/wp\/v2\/types\/page"}],"author":[{"embeddable":true,"href":"https:\/\/www.mulheressocialistas.org.br\/campanha2020\/wp-json\/wp\/v2\/users\/1"}],"replies":[{"embeddable":true,"href":"https:\/\/www.mulheressocialistas.org.br\/campanha2020\/wp-json\/wp\/v2\/comments?post=244"}],"version-history":[{"count":27,"href":"https:\/\/www.mulheressocialistas.org.br\/campanha2020\/wp-json\/wp\/v2\/pages\/244\/revisions"}],"predecessor-version":[{"id":1007,"href":"https:\/\/www.mulheressocialistas.org.br\/campanha2020\/wp-json\/wp\/v2\/pages\/244\/revisions\/1007"}],"wp:attachment":[{"href":"https:\/\/www.mulheressocialistas.org.br\/campanha2020\/wp-json\/wp\/v2\/media?parent=244"}],"curies":[{"name":"wp","href":"https:\/\/api.w.org\/{rel}","templated":true}]}}