{"id":113,"date":"2020-04-20T11:26:07","date_gmt":"2020-04-20T14:26:07","guid":{"rendered":"http:\/\/www.mulheressocialistas.org.br\/campanha2020\/profile\/login\/"},"modified":"2020-11-13T11:08:05","modified_gmt":"2020-11-13T14:08:05","slug":"login","status":"publish","type":"page","link":"https:\/\/www.mulheressocialistas.org.br\/campanha2020\/profile\/login\/","title":{"rendered":"Login"},"content":{"rendered":"<p>[vc_row full_width=&#8221;stretch_row&#8221; full_height=&#8221;yes&#8221; equal_height=&#8221;yes&#8221; content_placement=&#8221;middle&#8221; bg_type=&#8221;bg_color&#8221; bg_override=&#8221;full&#8221; bg_color_value=&#8221;#74346c&#8221;][vc_column][vc_row_inner el_class=&#8221;fndlogintopo&#8221;][vc_column_inner width=&#8221;1\/6&#8243;][\/vc_column_inner][vc_column_inner width=&#8221;2\/3&#8243;]<div class=\"ult-spacer spacer-69ded2fa271f3\" data-id=\"69ded2fa271f3\" data-height=\"50\" data-height-mobile=\"50\" data-height-tab=\"50\" data-height-tab-portrait=\"\" data-height-mobile-landscape=\"\" style=\"clear:both;display:block;\"><\/div>[vc_single_image image=&#8221;335&#8243; img_size=&#8221;medium&#8221; alignment=&#8221;center&#8221; image_hovers=&#8221;false&#8221;]<div class=\"ult-spacer spacer-69ded2fa27217\" data-id=\"69ded2fa27217\" data-height=\"50\" data-height-mobile=\"50\" data-height-tab=\"50\" data-height-tab-portrait=\"\" data-height-mobile-landscape=\"\" style=\"clear:both;display:block;\"><\/div>[\/vc_column_inner][vc_column_inner width=&#8221;1\/6&#8243;][\/vc_column_inner][\/vc_row_inner][vc_row_inner content_placement=&#8221;middle&#8221; el_class=&#8221;fndlogintopo&#8221;][vc_column_inner width=&#8221;1\/6&#8243;][\/vc_column_inner][vc_column_inner el_class=&#8221;colunalogin&#8221; width=&#8221;2\/3&#8243; css=&#8221;.vc_custom_1600462122162{background-color: #905d89 !important;}&#8221;]<div class=\"ult-spacer spacer-69ded2fa27223\" data-id=\"69ded2fa27223\" data-height=\"25\" data-height-mobile=\"25\" data-height-tab=\"25\" data-height-tab-portrait=\"\" data-height-mobile-landscape=\"\" style=\"clear:both;display:block;\"><\/div>[vc_single_image image=&#8221;332&#8243; img_size=&#8221;medium&#8221; alignment=&#8221;center&#8221; image_hovers=&#8221;false&#8221;][vc_custom_heading text=&#8221;Elei\u00e7\u00f5es municipais de 2020&#8243; font_container=&#8221;tag:h3|text_align:center|color:%23ffffff&#8221; google_fonts=&#8221;font_family:PT%20Sans%3Aregular%2Citalic%2C700%2C700italic|font_style:700%20bold%20regular%3A700%3Anormal&#8221; el_class=&#8221;txtlogin&#8221;][vc_column_text]<\/p>\n<p style=\"text-align: center;\"><span style=\"color: #ffffff;\">Candidatas e militantes socialistas! Em 2020, com o apoio de especialistas e doutoras em diversas \u00e1reas, preparamos essa plataforma permanente para voc\u00eas. Fa\u00e7a aqui seu cadastro e tenha a seguran\u00e7a de acessar um conte\u00fado completo e gratuito, que envolve desde estrat\u00e9gias de campanha a pol\u00edticas p\u00fablicas, incluindo comunica\u00e7\u00e3o, jur\u00eddico e contabilidade e at\u00e9 mesmo a gest\u00e3o: socialistas, queremos voc\u00eas eleitas.<\/span><\/p>\n<p>[\/vc_column_text][vc_column_text]<\/p>\n<p style=\"text-align: center;\">\n<a href=\"#\" class=\"userpro-close-popup\">Fechar<\/a>\t\n<div class=\"userpro userpro-355 userpro-float\"  data-modal_profile_saved='Your profile has been saved!' data-template='login' data-max_width='80%' data-uploads_dir='https:\/\/www.mulheressocialistas.org.br\/campanha2020\/wp-content\/uploads\/userpro\/' data-default_avatar_male='https:\/\/www.mulheressocialistas.org.br\/campanha2020\/wp-content\/plugins\/userpro\/img\/default_avatar_male.jpg' data-default_avatar_female='https:\/\/www.mulheressocialistas.org.br\/campanha2020\/wp-content\/plugins\/userpro\/img\/default_avatar_female.jpg' data-layout='float' data-margin_top='0' data-margin_bottom='30px' data-align='center' data-skin='elegant' data-required_text='Esse campo &eacute; obrigat&oacute;rio' data-password_too_short='Sua senha &eacute; muito curta' data-passwords_do_not_match='As senhas n&atilde;o correspondem' data-password_not_strong='A senha n&atilde;o &eacute; forte o suficiente' data-keep_one_section_open='0' data-allow_sections='1' data-permalink='https:\/\/www.mulheressocialistas.org.br\/campanha2020\/profile\/login\/' data-field_icons='1' data-profile_thumb_size='80' data-register_heading='Registrar uma Conta' data-register_side='J&aacute; &eacute; um membro?' data-register_side_action='login' data-register_button_action='login' data-register_button_primary='Registrar' data-register_button_secondary='Entrar' data-register_group='default' data-register_redirect='0' data-type='0' data-force_redirect_uri='0' data-login_heading='Entrar' data-login_side='Esqueceu sua senha?' data-login_side_action='reset' data-login_resend='Resend verification email?' data-login_resend_action='resend' data-login_button_action='register' data-login_button_primary='Entrar' data-login_button_secondary='Criar uma Conta' data-login_group='default' data-login_redirect='0' data-rememberme='true' data-delete_heading='Deletar Perfil' data-delete_side='Desfazer, voltar para o perfil' data-delete_side_action='view' data-delete_button_action='view' data-delete_button_primary='Confimar ato de Deletar' data-delete_button_secondary='Voltar ao Perfil' data-delete_group='default' data-reset_heading='Resetar Senha' data-reset_side='Voltar ao Login' data-reset_side_action='login' data-reset_button_action='change' data-reset_button_primary='Requisitar Chave Secreta' data-reset_button_secondary='Mudar sua Senha' data-reset_group='default' data-resend_heading='Resend email' data-resend_side='Voltar ao Login' data-resend_side_action='login' data-resend_button_action='resend' data-resend_button_primary='Resend verification email' data-change_heading='Mudar sua Senha' data-change_side='Requisitar Nova Chave' data-change_side_action='reset' data-change_button_action='reset' data-change_button_primary='Mudar minha Senha' data-change_button_secondary='N&atilde;o possui uma chave secreta?' data-change_group='default' data-list_heading='&Uacute;ltimos Membros' data-list_per_page='5' data-list_sortby='registered' data-list_order='desc' data-list_users='0' data-list_group='default' data-list_thumb='50' data-list_showthumb='1' data-list_showsocial='1' data-list_showbio='0' data-list_verified='0' data-list_relation='or' data-list_popup_view='0' data-online_heading='Quem est&aacute; conectado agora' data-online_thumb='30' data-online_showthumb='1' data-online_showsocial='0' data-online_showbio='0' data-online_mini='1' data-online_mode='vertical' data-edit_button_primary='Salvar Mudan&ccedil;as' data-edit_group='default' data-view_group='default' data-social_target='_blank' data-social_group='default' data-card_width='250px' data-card_img_width='250' data-card_showbio='1' data-card_showsocial='1' data-usercanedit='1' data-link_target='_blank' data-error_heading='Aconteceu um erro' data-memberlist_table='0' data-memberlist_table_columns='user_id,picture,name,country,gender,role,email_user,message_user' data-show_on_mobile='picture,name,country,email_user,message_user' data-memberlist_v2='1' data-memberlist_v2_pic_size='86' data-memberlist_v2_fields='age,gender,country' data-memberlist_v2_bio='1' data-memberlist_v2_showbadges='1' data-memberlist_v2_showname='1' data-memberlist_v2_showsocial='1' data-memberlist_pic_size='120' data-memberlist_pic_topspace='15' data-memberlist_pic_sidespace='30' data-memberlist_pic_rounded='1' data-memberlist_width='100%' data-memberlist_paginate='1' data-memberlist_paginate_top='1' data-memberlist_paginate_bottom='1' data-memberlist_show_name='1' data-memberlist_popup_view='0' data-memberlist_withavatar='0' data-memberlist_verified='0' data-memberlist_filters='0' data-memberlist_default_search='1' data-memberlist_show_follow='0' data-per_page='12' data-sortby='registered' data-order='desc' data-relation='and' data-search='1' data-exclude='0' data-show_social='1' data-registration_closed_side='J&aacute; &eacute; um usu&aacute;rio? Entre' data-registration_closed_side_action='login' data-facebook_redirect='profile' data-logout_redirect='0' data-post_paginate='1' data-postsbyuser_num='12' data-postsbyuser_types='post' data-postsbyuser_mode='grid' data-postsbyuser_thumb='50' data-postsbyuser_showthumb='1' data-postsbyuser_taxonomy='category' data-postsbyuser_category='0' data-following_per_page='4' data-following_paginate='1' data-followers_per_page='4' data-followers_paginate='1' data-publish_heading='Adicionar Nova Postagem' data-publish_button_primary='P&uacute;blicar' data-publish_button_draft='Save as Draft' data-emd_filters='1' data-emd_thumb='200' data-emd_social='1' data-emd_bio='1' data-emd_fields='first_name,last_name,gender,country' data-emd_layout='masonry' data-emd_per_page='20' data-emd_col_width='22%' data-emd_col_margin='2%' data-emd_accountstatus='Search by account status' data-emd_photopreference='Photo Preference' data-emd_country='Search by Country,dropdown' data-emd_gender='Gender,radio' data-emd_paginate='1' data-emd_paginate_top='1' data-collage_per_page='20' data-following_heading='Seguindo' data-followers_heading='Seguidores' data-activity_heading='Atividade Recente' data-activity_all='0' data-activity_per_page='10' data-activity_side='refresh' data-activity_user='0'>\n\n\n\t\n\t<div class=\"userpro-head\">\n\t\t<div class=\"userpro-left\">Entrar<\/div>\n\t\t\n\t\t\t\t<div class=\"userpro-right\"><a href=\"#\" data-template=\"reset\">Esqueceu sua senha?<\/a>\n\t<\/div>\n\n\t\t\t\t<div class=\"userpro-clear\"><\/div>\n\t<\/div>\n\t\n\t<div class=\"userpro-body\">\n\t\n\t\t\t\t\n\t\t<form action=\"\" method=\"post\" data-action=\"login\">\n\t\t\n\t\t\t\t\t\t\n\t\t\t<input type=\"hidden\" name=\"force_redirect_uri-355\" id=\"force_redirect_uri-355\" value=\"0\" \/>\n\t\t\t<input type=\"hidden\" name=\"redirect_uri-355\" id=\"redirect_uri-355\" value=\"\" \/>\n\t\t\t\n\t\t\t<input type=\"hidden\" id=\"_myuserpro_nonce\" name=\"_myuserpro_nonce\" value=\"833bf6e1fb\" \/><input type=\"hidden\" name=\"_wp_http_referer\" value=\"\/campanha2020\/wp-json\/wp\/v2\/pages\/113\" \/>\t\t<input type=\"hidden\" name=\"unique_id\" id=\"unique_id\" value=\"355\" \/>\n\t\t\t\t\n\t\t\t\t\t\t\t\n\t\t\t\t<div class='userpro-field  userpro-field-username_or_email ' data-key='username_or_email'><div class='userpro-label iconed'><label for='username_or_email-355'>Usu\u00e1rio ou E-mail<\/label><div class='required'>*<\/div><span class=\"userpro-field-icon\"><i class=\"userpro-icon-user\"><\/i><\/span><\/div><div class='userpro-input'><input type='text' name='username_or_email-355' id='username_or_email-355' value=\"\" placeholder=''  data-ajaxcheck='' data-help='' data-label='Usu\u00e1rio ou E-mail' data-placeholder='' data-add_condition='show' data-condition_fields='username_or_email' data-condition_rule='select' data-condition_value='' data-_builtin='1' data-hidden='0' data-hideable='0' data-html='0' data-locked='0' data-private='0' data-required='1' data-type='text' data-woo='0' \/><div class='userpro-clear'><\/div><\/div><\/div><div class='userpro-clear'><\/div>\t\t\t\t\n\t\t\t\t\t\t\t\n\t\t\t\t<div class='userpro-field  userpro-field-user_pass ' data-key='user_pass'><div class='userpro-label iconed'><label for='user_pass-355'>Senha<\/label><div class='required'>*<\/div><span class=\"userpro-field-icon\"><i class=\"userpro-icon-lock\"><\/i><\/span><\/div><div class='userpro-input'><input type='password' name='user_pass-355' id='user_pass-355' value='' placeholder='' autocomplete='off'  data-ajaxcheck='' data-help='Your password must be 8 characters long at least.' data-label='Senha' data-placeholder='' data-add_condition='show' data-condition_fields='username_or_email' data-condition_rule='select' data-condition_value='' data-_builtin='1' data-hidden='0' data-hideable='0' data-html='0' data-locked='0' data-private='0' data-required='1' data-type='password' data-woo='0' \/><div class='userpro-clear'><\/div><\/div><\/div><div class='userpro-clear'><\/div>\t\t\t\t\n\t\t\t\t\t\t\n\t\t\t\t\t\t\t\t\t\n\t\t\t\t\t\t\n\t\t\t<div class=\"userpro-column\">\n\t\t\t\t<div class=\"userpro-field userpro-field-compact\">\n\t\t\t\t\t<div class=\"userpro-input\">\n\t\t\t\t\t\n\t\t\t\t\t\t<div class='userpro-checkbox-wrap'>\n\t\t\t\t\t\t\t<label class='userpro-checkbox hide-field'>\n\t\t\t\t\t\t\t\t<span><\/span>\n\t\t\t\t\t\t\t\t<input type='checkbox' name='rememberme-355' id='rememberme-355' value=\"true\" \/>Remember me\t\t\t\t\t\t\t<\/label>\n\t\t\t\t\t\t<\/div>\n\t\t\t\t\t\t\n\t\t\t\t\t<\/div>\n\t\t\t\t<\/div>\n\t\t\t<\/div><div class=\"userpro-clear\"><\/div>\n\t\t\t\n\t\t\t\t\t\t\n\t\t\t\t\t\t<div class=\"userpro-field userpro-submit userpro-column\">\n\t\t\t\t\n\t\t\t\t<div class=\"userpro-social-connect\"><\/div><div class=\"userpro-clear\"><\/div>\t\t\t\t\n\t\t\t\t\t\t\t\t<input type=\"submit\" value=\"Entrar\" class=\"userpro-button\" \/>\n\t\t\t\t\n                                    <a class=\"userpro-button secondary\" href=\"https:\/\/www.mulheressocialistas.org.br\/campanha2020\/profile\/register\/\" >Criar uma Conta<\/a>\n                \n\t\t\t\t<img src=\"https:\/\/www.mulheressocialistas.org.br\/campanha2020\/wp-content\/plugins\/userpro\/skins\/elegant\/img\/loading.gif\" alt=\"\" class=\"userpro-loading\" \/>\n\t\t\t\t<div class=\"userpro-clear\"><\/div>\n\t\t\t\t\n\t\t\t<\/div>\n\t\t\t\t\t\n\t\t<\/form>\n\t\n\t<\/div>\n\n<\/div>\n\n\n<style type=\"text\/css\">\n\ndiv.userpro-awsm-pic {\n\tmargin-left: -48px;\n\ttop: -48px;\n}\n\ndiv.userpro-awsm-pic img {\n\twidth: 86px;\n\theight: 86px;\n}\n\ndiv.userpro,\ndiv.emd-main,\ndiv.emd-filters,\ndiv.userpro-search-results,\ndiv.userpro-label label,\ndiv.userpro input,\ndiv.userpro textarea,\ndiv.userpro select,\ndiv.userpro-field textarea.userpro_editor,\ndiv.userpro-msg-overlay-content,\ndiv.userpro-msg-overlay-content input,\ndiv.userpro-msg-overlay-content textarea,\ndiv.userpro-notifier\n{\n\tfont-family: Roboto;\n}\n\n\ndiv.userpro-355 {\n\tmax-width: 80%;\n\t\t\t\tmargin-left: auto;margin-right: auto;\n\t\t\t\tmargin-bottom: 30px;\n\t}\n\n\n\ndiv.userpro-355.userpro-nostyle {\n\tmax-width: 250px;\n}\n\ndiv.userpro-355.userpro-users {\n\tmax-width: 100% !important;\n}\n\ndiv.userpro-355 div.userpro-user {\n\tmargin-top: 15px;\n\tmargin-left: 30px;\n\tmargin-right: 30px;\n}\n\ndiv.userpro-355 div.userpro-user a.userpro-user-img {\n\twidth: 120px;\n\theight: 120px;\n}\ndiv.userpro-355 div.userpro-user a.userpro-user-img span {\n\ttop: -120px;\n\tline-height: 120px;\n}\n\ndiv.userpro-355 div.userpro-user div.userpro-user-link {\n\twidth: 120px;\n}\n\ndiv.userpro-355 div.userpro-user a.userpro-user-img,\ndiv.userpro-355 div.userpro-user a.userpro-user-img span {\n\tborder-radius: 999px !important;\n}\n\ndiv.userpro-355 div.userpro-list-item-i {\n\twidth: 50px;\n\theight: 50px;\n}\n\n\ndiv.userpro-355 div.userpro-online-item-i {\n\twidth: 30px;\n\theight: 30px;\n}\n\ndiv.userpro-355 div.userpro-online-item {\n\tborder-bottom: 0px !important;\n\tpadding: 10px 0 0 0;\n}\n\ndiv.userpro-355 div.userpro-online-item img.userpro-profile-badge,\ndiv.userpro-355 div.userpro-online-item img.userpro-profile-badge-right {\n\tmax-width: 14px !important;\n\tmax-height: 14px !important;\n}\n\ndiv.userpro-355 div.userpro-profile-img {\n\twidth: 80px;\n}\n\ndiv.emd-user {\n    width: 22%;\n    margin-left: 2% !important;\n}\n\n\n\n\n<\/style>\n\n<\/p>\n<p>[\/vc_column_text][\/vc_column_inner][vc_column_inner width=&#8221;1\/6&#8243;][\/vc_column_inner][\/vc_row_inner][\/vc_column][\/vc_row]<\/p>\n","protected":false},"excerpt":{"rendered":"<p>[vc_row full_width=&#8221;stretch_row&#8221; full_height=&#8221;yes&#8221; equal_height=&#8221;yes&#8221; content_placement=&#8221;middle&#8221; bg_type=&#8221;bg_color&#8221; bg_override=&#8221;full&#8221; bg_color_value=&#8221;#74346c&#8221;][vc_column][vc_row_inner el_class=&#8221;fndlogintopo&#8221;][vc_column_inner width=&#8221;1\/6&#8243;][\/vc_column_inner][vc_column_inner width=&#8221;2\/3&#8243;][vc_single_image image=&#8221;335&#8243; img_size=&#8221;medium&#8221; alignment=&#8221;center&#8221; image_hovers=&#8221;false&#8221;][\/vc_column_inner][vc_column_inner width=&#8221;1\/6&#8243;][\/vc_column_inner][\/vc_row_inner][vc_row_inner content_placement=&#8221;middle&#8221; el_class=&#8221;fndlogintopo&#8221;][vc_column_inner width=&#8221;1\/6&#8243;][\/vc_column_inner][vc_column_inner el_class=&#8221;colunalogin&#8221; width=&#8221;2\/3&#8243; css=&#8221;.vc_custom_1600462122162{background-color: #905d89 !important;}&#8221;][vc_single_image image=&#8221;332&#8243; img_size=&#8221;medium&#8221; alignment=&#8221;center&#8221; image_hovers=&#8221;false&#8221;][vc_custom_heading text=&#8221;Elei\u00e7\u00f5es municipais de 2020&#8243; font_container=&#8221;tag:h3|text_align:center|color:%23ffffff&#8221; google_fonts=&#8221;font_family:PT%20Sans%3Aregular%2Citalic%2C700%2C700italic|font_style:700%20bold%20regular%3A700%3Anormal&#8221; el_class=&#8221;txtlogin&#8221;][vc_column_text] Candidatas e militantes socialistas! Em 2020, com o apoio de especialistas e doutoras em diversas \u00e1reas, preparamos essa plataforma permanente&hellip;<\/p>\n","protected":false},"author":1,"featured_media":0,"parent":110,"menu_order":0,"comment_status":"closed","ping_status":"closed","template":"template-microsite.php","meta":{"episode_type":"","audio_file":"","cover_image":"","cover_image_id":"","duration":"","filesize":"","date_recorded":"","explicit":"","block":"","filesize_raw":""},"_links":{"self":[{"href":"https:\/\/www.mulheressocialistas.org.br\/campanha2020\/wp-json\/wp\/v2\/pages\/113"}],"collection":[{"href":"https:\/\/www.mulheressocialistas.org.br\/campanha2020\/wp-json\/wp\/v2\/pages"}],"about":[{"href":"https:\/\/www.mulheressocialistas.org.br\/campanha2020\/wp-json\/wp\/v2\/types\/page"}],"author":[{"embeddable":true,"href":"https:\/\/www.mulheressocialistas.org.br\/campanha2020\/wp-json\/wp\/v2\/users\/1"}],"replies":[{"embeddable":true,"href":"https:\/\/www.mulheressocialistas.org.br\/campanha2020\/wp-json\/wp\/v2\/comments?post=113"}],"version-history":[{"count":13,"href":"https:\/\/www.mulheressocialistas.org.br\/campanha2020\/wp-json\/wp\/v2\/pages\/113\/revisions"}],"predecessor-version":[{"id":986,"href":"https:\/\/www.mulheressocialistas.org.br\/campanha2020\/wp-json\/wp\/v2\/pages\/113\/revisions\/986"}],"up":[{"embeddable":true,"href":"https:\/\/www.mulheressocialistas.org.br\/campanha2020\/wp-json\/wp\/v2\/pages\/110"}],"wp:attachment":[{"href":"https:\/\/www.mulheressocialistas.org.br\/campanha2020\/wp-json\/wp\/v2\/media?parent=113"}],"curies":[{"name":"wp","href":"https:\/\/api.w.org\/{rel}","templated":true}]}}